{"id":87001,"date":"2023-10-26T19:08:44","date_gmt":"2023-10-26T19:08:44","guid":{"rendered":"https:\/\/leofresh.com\/?page_id=87001"},"modified":"2023-11-23T08:47:06","modified_gmt":"2023-11-23T08:47:06","slug":"widest-choice","status":"publish","type":"page","link":"https:\/\/dev24.leofresh.com\/fr\/widest-choice\/","title":{"rendered":"S\u00e9lection de nos Produits"},"content":{"rendered":"<h1><\/h1>\n<p>&nbsp;<\/p>\n<p>&nbsp;<\/p>\n<h1 style=\"text-align: center;\">S\u00e9lection de nos Produits<\/h1>\n<p>&nbsp;<\/p>\n<p style=\"text-align: center;\">The vast Leofresh selection is guaranteed to please.<\/p>\n<p style=\"text-align: center;\">Trust our experts to be your eyes, nose and mouth, with the skills to identify and handpick the finest standard of goods. So you can confidently offer fresh fruit and vegetables all round, both in and out of season.<\/p>\n<p style=\"text-align: center;\">All products are carefully selected and quality checked to meet the exacting requirements of some of the world\u2019s most talented chefs.<\/p>\n<p style=\"text-align: center;\">\u2022 Plus de 5 600 produits frais<br \/>\n\u2022 650+ producers &amp; suppliers<br \/>\n\u2022 6,000+ branded products WIDEST CHOICE<\/p>\n<p style=\"text-align: center;\">Your access to our new technology www.leofresh.com<\/p>\n<p style=\"text-align: center;\">Just some of our selection<\/p>\n<p style=\"text-align: center;\">\u2022 Fruit &amp; Vegetables: truffles, berries, baby vegetables, edible flowers<br \/>\n\u2022 Fruits de mer : caviar, poisson frais, crustac\u00e9s vivants, hu\u00eetres<br \/>\n\u2022 Meats: Japanese wagyu, foie gras, Angus beef, dry aged beef, poultry &amp; game, Spanish\/Italian\/French cold cuts<br \/>\n\u2022 Produits laitiers : beurre Bordier, fromages espagnols\/italiens\/fran\u00e7ais de l'UE, yaourts, \u0153ufs, lait.<br \/>\n\u2022 Bakery &amp; Pastry: Valrona, Barry Calbaut, pastry ingredients, Chocolate, Louis Fran\u00e7ois, Boiron, dried &amp; canned fruits<br \/>\n\u2022 \u00c9picerie : Sosa, Urbani, Texturas, \u00e9pices, l\u00e9gumes en conserve<br \/>\n\u2022 Boissons : champagne, vin fran\u00e7ais, alcool, eau, boissons gazeuses<\/p>","protected":false},"excerpt":{"rendered":"<p>&nbsp; &nbsp; Widest Choice &nbsp; The vast Leofresh selection is guaranteed to please. Trust our experts to be your eyes, nose and mouth, with the skills to identify and handpick the finest standard of goods. So you can confidently offer fresh fruit and vegetables all round, both in and out of season. All products are [&hellip;]<\/p>","protected":false},"author":1,"featured_media":0,"parent":0,"menu_order":0,"comment_status":"closed","ping_status":"closed","template":"templates\/loss-damage-policy.php","meta":{"_acf_changed":false,"inline_featured_image":false,"_monsterinsights_skip_tracking":false,"_monsterinsights_sitenote_active":false,"_monsterinsights_sitenote_note":"","_monsterinsights_sitenote_category":0,"footnotes":""},"class_list":["post-87001","page","type-page","status-publish","hentry"],"acf":[],"_links":{"self":[{"href":"https:\/\/dev24.leofresh.com\/fr\/wp-json\/wp\/v2\/pages\/87001","targetHints":{"allow":["GET"]}}],"collection":[{"href":"https:\/\/dev24.leofresh.com\/fr\/wp-json\/wp\/v2\/pages"}],"about":[{"href":"https:\/\/dev24.leofresh.com\/fr\/wp-json\/wp\/v2\/types\/page"}],"author":[{"embeddable":true,"href":"https:\/\/dev24.leofresh.com\/fr\/wp-json\/wp\/v2\/users\/1"}],"replies":[{"embeddable":true,"href":"https:\/\/dev24.leofresh.com\/fr\/wp-json\/wp\/v2\/comments?post=87001"}],"version-history":[{"count":6,"href":"https:\/\/dev24.leofresh.com\/fr\/wp-json\/wp\/v2\/pages\/87001\/revisions"}],"predecessor-version":[{"id":87448,"href":"https:\/\/dev24.leofresh.com\/fr\/wp-json\/wp\/v2\/pages\/87001\/revisions\/87448"}],"wp:attachment":[{"href":"https:\/\/dev24.leofresh.com\/fr\/wp-json\/wp\/v2\/media?parent=87001"}],"curies":[{"name":"wp","href":"https:\/\/api.w.org\/{rel}","templated":true}]}}