{"id":87006,"date":"2023-10-26T19:54:06","date_gmt":"2023-10-26T19:54:06","guid":{"rendered":"https:\/\/leofresh.com\/?page_id=87006"},"modified":"2023-10-29T10:00:00","modified_gmt":"2023-10-29T10:00:00","slug":"delivery","status":"publish","type":"page","link":"https:\/\/dev24.leofresh.com\/fr\/delivery\/","title":{"rendered":"Livraison"},"content":{"rendered":"<h1 style=\"text-align: center;\">Livraison<\/h1>\n<p>EXPORTATION ET LOGISTIQUE FLUIDES<\/p>\n<p>Nous prenons soin des d\u00e9tails pour que vous puissiez vous concentrer sur ce que vous faites de mieux. Tous nos processus sont con\u00e7us pour \u00eatre conformes aux r\u00e9glementations HACCP en mati\u00e8re de s\u00e9curit\u00e9 alimentaire. Nous nous chargeons de toutes les certifications sanitaires europ\u00e9ennes, des formalit\u00e9s d'exportation et m\u00eame du d\u00e9douanement.<\/p>\n<p>\u2022 Phytosanitaire<\/p>\n<p>\u2022 V\u00e9t\u00e9rinaire<\/p>\n<p>\u2022 Certificat d'Origine<\/p>\n<p>\u2022 Certificat de Conformit\u00e9 Chaque semaine, LeoFresh livre dans plus de 26 pays. Nous mettons tout en \u0153uvre pour vous fournir les meilleurs produits alimentaires \u00e0 des prix comp\u00e9titifs. Les clients du monde entier comptent sur nous pour des livraisons quotidiennes, que ce soient des h\u00f4tels, des fournisseurs de croisi\u00e8res, des stations baln\u00e9aires, des supermarch\u00e9s, des importateurs, des grossistes, voire des jets priv\u00e9s et des yachts. Nous nous enorgueillissons de r\u00e9pondre \u00e0 toutes les demandes professionnelles, des demandes VIP et des articles hors saison aux produits en vogue ou aux commandes inhabituelles pour tester une nouvelle recette. Nous couvrons toutes les exigences alimentaires de nos clients, du halal et casher au sans gluten et biologique. CONFIANCE PARTOUT Notre solution logistique compl\u00e8te vous permet de commander dans le monde entier en toute confiance. Nous faisons tout en notre pouvoir pour garantir une fra\u00eecheur optimale et une manipulation correcte des produits.<\/p>\n<p>\u2022 Technologie d'emballage avanc\u00e9e<\/p>\n<p>\u2022 Gestion de la cha\u00eene du froid<\/p>\n<p>\u2022 Consolidation des exp\u00e9ditions \u00e0 partir de sources multiples (air, mer, route)<\/p>\n<p>\u2022 Livraison express (commande le jour A avant 9h du matin heure de Paris, livraison le jour C dans le monde entier) Nous rationalisons tout pour satisfaire les clients les plus exigeants : h\u00f4tels, compagnies de croisi\u00e8re, stations baln\u00e9aires, supermarch\u00e9s, importateurs, grossistes.<\/p>\n<p><a href=\"https:\/\/leofresh.com\/wp-content\/uploads\/2023\/10\/image-1.png\"><img loading=\"lazy\" decoding=\"async\" class=\"wp-image-87060 size-full aligncenter\" src=\"https:\/\/leofresh.com\/wp-content\/uploads\/2023\/10\/image-1.png\" alt=\"\" width=\"1280\" height=\"272\" \/><\/a><\/p>","protected":false},"excerpt":{"rendered":"<p>Delivery SMOOTHEST EXPORT &amp; LOGISTIC We take care of the details so you can focus on what you do best. All our processes are driven to comply with HACCP Food Process regulations. We handle all European sanitary certification, export formalities, and even customs clearance. \u2022 Phytosanitary \u2022 Veterinary \u2022 Certificate of Origin \u2022 Certificate of [&hellip;]<\/p>","protected":false},"author":1,"featured_media":0,"parent":0,"menu_order":0,"comment_status":"closed","ping_status":"closed","template":"templates\/loss-damage-policy.php","meta":{"_acf_changed":false,"inline_featured_image":false,"_monsterinsights_skip_tracking":false,"_monsterinsights_sitenote_active":false,"_monsterinsights_sitenote_note":"","_monsterinsights_sitenote_category":0,"footnotes":""},"class_list":["post-87006","page","type-page","status-publish","hentry"],"acf":[],"_links":{"self":[{"href":"https:\/\/dev24.leofresh.com\/fr\/wp-json\/wp\/v2\/pages\/87006","targetHints":{"allow":["GET"]}}],"collection":[{"href":"https:\/\/dev24.leofresh.com\/fr\/wp-json\/wp\/v2\/pages"}],"about":[{"href":"https:\/\/dev24.leofresh.com\/fr\/wp-json\/wp\/v2\/types\/page"}],"author":[{"embeddable":true,"href":"https:\/\/dev24.leofresh.com\/fr\/wp-json\/wp\/v2\/users\/1"}],"replies":[{"embeddable":true,"href":"https:\/\/dev24.leofresh.com\/fr\/wp-json\/wp\/v2\/comments?post=87006"}],"version-history":[{"count":7,"href":"https:\/\/dev24.leofresh.com\/fr\/wp-json\/wp\/v2\/pages\/87006\/revisions"}],"predecessor-version":[{"id":87084,"href":"https:\/\/dev24.leofresh.com\/fr\/wp-json\/wp\/v2\/pages\/87006\/revisions\/87084"}],"wp:attachment":[{"href":"https:\/\/dev24.leofresh.com\/fr\/wp-json\/wp\/v2\/media?parent=87006"}],"curies":[{"name":"wp","href":"https:\/\/api.w.org\/{rel}","templated":true}]}}