{"id":257794,"date":"2026-01-13T10:36:28","date_gmt":"2026-01-13T10:36:28","guid":{"rendered":"https:\/\/dev24.leofresh.com\/product\/raw-extra-deveined-french-duck-foie-gras-vacuum\/"},"modified":"2026-01-13T10:52:20","modified_gmt":"2026-01-13T10:52:20","slug":"raw-extra-deveined-french-duck-foie-gras-vacuum","status":"publish","type":"product","link":"https:\/\/dev24.leofresh.com\/fr\/produit\/raw-extra-deveined-french-duck-foie-gras-vacuum\/","title":{"rendered":"Raw Extra Deveined French Duck Foie Gras Vacuum"},"content":{"rendered":"<p>FOIE\u00a0GRAS\u00a0DE CANARD CRU 1ER CHOIX OU EXTRA \u00c9VEIN\u00c9 FRAN\u00c7AIS<\/p>","protected":false},"excerpt":{"rendered":"<p>FOIE\u00a0GRAS\u00a0DE CANARD CRU 1ER CHOIX OU EXTRA \u00c9VEIN\u00c9 FRAN\u00c7AIS<\/p>","protected":false},"featured_media":257795,"comment_status":"open","ping_status":"closed","template":"","meta":{"_acf_changed":false,"inline_featured_image":false,"_monsterinsights_skip_tracking":false,"_monsterinsights_sitenote_active":false,"_monsterinsights_sitenote_note":"","_monsterinsights_sitenote_category":0},"product_brand":[],"product_cat":[69508,69823,69541],"product_tag":[],"class_list":{"0":"post-257794","1":"product","2":"type-product","3":"status-publish","4":"has-post-thumbnail","6":"product_cat-boucherie","7":"product_cat-foie-gras","8":"product_cat-volaille","10":"first","11":"instock","12":"shipping-taxable","13":"purchasable","14":"product-type-simple"},"acf":[],"_links":{"self":[{"href":"https:\/\/dev24.leofresh.com\/fr\/wp-json\/wp\/v2\/product\/257794","targetHints":{"allow":["GET"]}}],"collection":[{"href":"https:\/\/dev24.leofresh.com\/fr\/wp-json\/wp\/v2\/product"}],"about":[{"href":"https:\/\/dev24.leofresh.com\/fr\/wp-json\/wp\/v2\/types\/product"}],"replies":[{"embeddable":true,"href":"https:\/\/dev24.leofresh.com\/fr\/wp-json\/wp\/v2\/comments?post=257794"}],"wp:featuredmedia":[{"embeddable":true,"href":"https:\/\/dev24.leofresh.com\/fr\/wp-json\/wp\/v2\/media\/257795"}],"wp:attachment":[{"href":"https:\/\/dev24.leofresh.com\/fr\/wp-json\/wp\/v2\/media?parent=257794"}],"wp:term":[{"taxonomy":"product_brand","embeddable":true,"href":"https:\/\/dev24.leofresh.com\/fr\/wp-json\/wp\/v2\/product_brand?post=257794"},{"taxonomy":"product_cat","embeddable":true,"href":"https:\/\/dev24.leofresh.com\/fr\/wp-json\/wp\/v2\/product_cat?post=257794"},{"taxonomy":"product_tag","embeddable":true,"href":"https:\/\/dev24.leofresh.com\/fr\/wp-json\/wp\/v2\/product_tag?post=257794"}],"curies":[{"name":"wp","href":"https:\/\/api.w.org\/{rel}","templated":true}]}}