{"id":258223,"date":"2026-01-13T10:37:23","date_gmt":"2026-01-13T10:37:23","guid":{"rendered":"https:\/\/dev24.leofresh.com\/product\/country-style-oven-roasted-pate-french-pork-meat\/"},"modified":"2026-01-13T10:52:30","modified_gmt":"2026-01-13T10:52:30","slug":"country-style-oven-roasted-pate-french-pork-meat","status":"publish","type":"product","link":"https:\/\/dev24.leofresh.com\/fr\/produit\/country-style-oven-roasted-pate-french-pork-meat\/","title":{"rendered":"Country-style Oven Roasted P\u00c2t\u00c9 French Pork Meat"},"content":{"rendered":"<p>P\u00c2T\u00c9 DE CAMPAGNE R\u00d4TI AU FOUR VIANDE\u00a0DE\u00a0PORC\u00a0FRAN\u00c7AIS 1,5KG<\/p>","protected":false},"excerpt":{"rendered":"<p>P\u00c2T\u00c9 DE CAMPAGNE R\u00d4TI AU FOUR VIANDE\u00a0DE\u00a0PORC\u00a0FRAN\u00c7AIS 1,5KG<\/p>","protected":false},"featured_media":258224,"comment_status":"open","ping_status":"closed","template":"","meta":{"_acf_changed":false,"inline_featured_image":false,"_monsterinsights_skip_tracking":false,"_monsterinsights_sitenote_active":false,"_monsterinsights_sitenote_note":"","_monsterinsights_sitenote_category":0},"product_brand":[],"product_cat":[69508,69873,69552],"product_tag":[],"class_list":{"0":"post-258223","1":"product","2":"type-product","3":"status-publish","4":"has-post-thumbnail","6":"product_cat-boucherie","7":"product_cat-pate","8":"product_cat-pates-terrines-rillette","10":"first","11":"instock","12":"shipping-taxable","13":"purchasable","14":"product-type-simple"},"acf":[],"_links":{"self":[{"href":"https:\/\/dev24.leofresh.com\/fr\/wp-json\/wp\/v2\/product\/258223","targetHints":{"allow":["GET"]}}],"collection":[{"href":"https:\/\/dev24.leofresh.com\/fr\/wp-json\/wp\/v2\/product"}],"about":[{"href":"https:\/\/dev24.leofresh.com\/fr\/wp-json\/wp\/v2\/types\/product"}],"replies":[{"embeddable":true,"href":"https:\/\/dev24.leofresh.com\/fr\/wp-json\/wp\/v2\/comments?post=258223"}],"wp:featuredmedia":[{"embeddable":true,"href":"https:\/\/dev24.leofresh.com\/fr\/wp-json\/wp\/v2\/media\/258224"}],"wp:attachment":[{"href":"https:\/\/dev24.leofresh.com\/fr\/wp-json\/wp\/v2\/media?parent=258223"}],"wp:term":[{"taxonomy":"product_brand","embeddable":true,"href":"https:\/\/dev24.leofresh.com\/fr\/wp-json\/wp\/v2\/product_brand?post=258223"},{"taxonomy":"product_cat","embeddable":true,"href":"https:\/\/dev24.leofresh.com\/fr\/wp-json\/wp\/v2\/product_cat?post=258223"},{"taxonomy":"product_tag","embeddable":true,"href":"https:\/\/dev24.leofresh.com\/fr\/wp-json\/wp\/v2\/product_tag?post=258223"}],"curies":[{"name":"wp","href":"https:\/\/api.w.org\/{rel}","templated":true}]}}