{"id":258230,"date":"2026-01-13T10:37:24","date_gmt":"2026-01-13T10:37:24","guid":{"rendered":"https:\/\/dev24.leofresh.com\/product\/pitted-kalamata-olives-in-olive-oil-container\/"},"modified":"2026-01-13T10:52:31","modified_gmt":"2026-01-13T10:52:31","slug":"pitted-kalamata-olives-in-olive-oil-container","status":"publish","type":"product","link":"https:\/\/dev24.leofresh.com\/fr\/produit\/pitted-kalamata-olives-in-olive-oil-container\/","title":{"rendered":"Pitted Kalamata\u00a0olives In\u00a0olive\u00a0oil Container"},"content":{"rendered":"<p>OLIVE\u00a0KALAMATA\u00a0D\u00c9NOYAUT\u00c9E \u00c0 L&#8217;HUILE D&#8217;OLIVE<\/p>","protected":false},"excerpt":{"rendered":"<p>OLIVE\u00a0KALAMATA\u00a0D\u00c9NOYAUT\u00c9E \u00c0 L&#8217;HUILE D&#8217;OLIVE<\/p>","protected":false},"featured_media":258231,"comment_status":"open","ping_status":"closed","template":"","meta":{"_acf_changed":false,"inline_featured_image":false,"_monsterinsights_skip_tracking":false,"_monsterinsights_sitenote_active":false,"_monsterinsights_sitenote_note":"","_monsterinsights_sitenote_category":0},"product_brand":[],"product_cat":[69509,69554,69893],"product_tag":[],"class_list":{"0":"post-258230","1":"product","2":"type-product","3":"status-publish","4":"has-post-thumbnail","6":"product_cat-epicerie","7":"product_cat-epicerie-sale","8":"product_cat-olives-pickles-tapenades","10":"first","11":"instock","12":"shipping-taxable","13":"purchasable","14":"product-type-simple"},"acf":[],"_links":{"self":[{"href":"https:\/\/dev24.leofresh.com\/fr\/wp-json\/wp\/v2\/product\/258230","targetHints":{"allow":["GET"]}}],"collection":[{"href":"https:\/\/dev24.leofresh.com\/fr\/wp-json\/wp\/v2\/product"}],"about":[{"href":"https:\/\/dev24.leofresh.com\/fr\/wp-json\/wp\/v2\/types\/product"}],"replies":[{"embeddable":true,"href":"https:\/\/dev24.leofresh.com\/fr\/wp-json\/wp\/v2\/comments?post=258230"}],"wp:featuredmedia":[{"embeddable":true,"href":"https:\/\/dev24.leofresh.com\/fr\/wp-json\/wp\/v2\/media\/258231"}],"wp:attachment":[{"href":"https:\/\/dev24.leofresh.com\/fr\/wp-json\/wp\/v2\/media?parent=258230"}],"wp:term":[{"taxonomy":"product_brand","embeddable":true,"href":"https:\/\/dev24.leofresh.com\/fr\/wp-json\/wp\/v2\/product_brand?post=258230"},{"taxonomy":"product_cat","embeddable":true,"href":"https:\/\/dev24.leofresh.com\/fr\/wp-json\/wp\/v2\/product_cat?post=258230"},{"taxonomy":"product_tag","embeddable":true,"href":"https:\/\/dev24.leofresh.com\/fr\/wp-json\/wp\/v2\/product_tag?post=258230"}],"curies":[{"name":"wp","href":"https:\/\/api.w.org\/{rel}","templated":true}]}}