{"id":259146,"date":"2026-01-13T10:39:56","date_gmt":"2026-01-13T10:39:56","guid":{"rendered":"https:\/\/dev24.leofresh.com\/product\/90-santa-claus-heads-cb-4-5x3-7-cm\/"},"modified":"2026-01-13T10:52:52","modified_gmt":"2026-01-13T10:52:52","slug":"90-santa-claus-heads-cb-4-5x3-7-cm","status":"publish","type":"product","link":"https:\/\/dev24.leofresh.com\/fr\/produit\/90-santa-claus-heads-cb-4-5x3-7-cm\/","title":{"rendered":"90 Santa Claus Heads Cb 4.5x3.7 Cm"},"content":{"rendered":"<p>90 T\u00caTES DE P\u00c8RE NO\u00cbL CB 4,5X3,7 CM<\/p>","protected":false},"excerpt":{"rendered":"<p>90 T\u00caTES DE P\u00c8RE NO\u00cbL CB 4,5X3,7 CM<\/p>","protected":false},"featured_media":0,"comment_status":"open","ping_status":"closed","template":"","meta":{"_acf_changed":false,"inline_featured_image":false,"_monsterinsights_skip_tracking":false,"_monsterinsights_sitenote_active":false,"_monsterinsights_sitenote_note":"","_monsterinsights_sitenote_category":0},"product_brand":[],"product_cat":[69948,69560,69510],"product_tag":[],"class_list":{"0":"post-259146","1":"product","2":"type-product","3":"status-publish","5":"product_cat-decors-fondants-patisserie","6":"product_cat-patisserie","7":"product_cat-patisserie-boulangerie","9":"first","10":"instock","11":"shipping-taxable","12":"purchasable","13":"product-type-simple"},"acf":[],"_links":{"self":[{"href":"https:\/\/dev24.leofresh.com\/fr\/wp-json\/wp\/v2\/product\/259146","targetHints":{"allow":["GET"]}}],"collection":[{"href":"https:\/\/dev24.leofresh.com\/fr\/wp-json\/wp\/v2\/product"}],"about":[{"href":"https:\/\/dev24.leofresh.com\/fr\/wp-json\/wp\/v2\/types\/product"}],"replies":[{"embeddable":true,"href":"https:\/\/dev24.leofresh.com\/fr\/wp-json\/wp\/v2\/comments?post=259146"}],"wp:attachment":[{"href":"https:\/\/dev24.leofresh.com\/fr\/wp-json\/wp\/v2\/media?parent=259146"}],"wp:term":[{"taxonomy":"product_brand","embeddable":true,"href":"https:\/\/dev24.leofresh.com\/fr\/wp-json\/wp\/v2\/product_brand?post=259146"},{"taxonomy":"product_cat","embeddable":true,"href":"https:\/\/dev24.leofresh.com\/fr\/wp-json\/wp\/v2\/product_cat?post=259146"},{"taxonomy":"product_tag","embeddable":true,"href":"https:\/\/dev24.leofresh.com\/fr\/wp-json\/wp\/v2\/product_tag?post=259146"}],"curies":[{"name":"wp","href":"https:\/\/api.w.org\/{rel}","templated":true}]}}