{"id":259158,"date":"2026-01-13T10:39:57","date_gmt":"2026-01-13T10:39:57","guid":{"rendered":"https:\/\/dev24.leofresh.com\/product\/10-sheets-printed-santa-claus-for-large-cones-25\/"},"modified":"2026-01-13T10:52:52","modified_gmt":"2026-01-13T10:52:52","slug":"10-sheets-printed-santa-claus-for-large-cones-25","status":"publish","type":"product","link":"https:\/\/dev24.leofresh.com\/fr\/produit\/10-sheets-printed-santa-claus-for-large-cones-25\/","title":{"rendered":"10 Sheets Printed Santa Claus For Large Cones 25"},"content":{"rendered":"<p>10 FEUILLES IMPRIM\u00c9ES P\u00c8RE NO\u00cbL POUR GRANDS C\u00d4NES 25,5X13,6<\/p>","protected":false},"excerpt":{"rendered":"<p>10 FEUILLES IMPRIM\u00c9ES P\u00c8RE NO\u00cbL POUR GRANDS C\u00d4NES 25,5X13,6<\/p>","protected":false},"featured_media":0,"comment_status":"open","ping_status":"closed","template":"","meta":{"_acf_changed":false,"inline_featured_image":false,"_monsterinsights_skip_tracking":false,"_monsterinsights_sitenote_active":false,"_monsterinsights_sitenote_note":"","_monsterinsights_sitenote_category":0},"product_brand":[],"product_cat":[69954,69560,69510],"product_tag":[],"class_list":{"0":"post-259158","1":"product","2":"type-product","3":"status-publish","5":"product_cat-arome-colorants","6":"product_cat-patisserie","7":"product_cat-patisserie-boulangerie","9":"first","10":"instock","11":"shipping-taxable","12":"purchasable","13":"product-type-simple"},"acf":[],"_links":{"self":[{"href":"https:\/\/dev24.leofresh.com\/fr\/wp-json\/wp\/v2\/product\/259158","targetHints":{"allow":["GET"]}}],"collection":[{"href":"https:\/\/dev24.leofresh.com\/fr\/wp-json\/wp\/v2\/product"}],"about":[{"href":"https:\/\/dev24.leofresh.com\/fr\/wp-json\/wp\/v2\/types\/product"}],"replies":[{"embeddable":true,"href":"https:\/\/dev24.leofresh.com\/fr\/wp-json\/wp\/v2\/comments?post=259158"}],"wp:attachment":[{"href":"https:\/\/dev24.leofresh.com\/fr\/wp-json\/wp\/v2\/media?parent=259158"}],"wp:term":[{"taxonomy":"product_brand","embeddable":true,"href":"https:\/\/dev24.leofresh.com\/fr\/wp-json\/wp\/v2\/product_brand?post=259158"},{"taxonomy":"product_cat","embeddable":true,"href":"https:\/\/dev24.leofresh.com\/fr\/wp-json\/wp\/v2\/product_cat?post=259158"},{"taxonomy":"product_tag","embeddable":true,"href":"https:\/\/dev24.leofresh.com\/fr\/wp-json\/wp\/v2\/product_tag?post=259158"}],"curies":[{"name":"wp","href":"https:\/\/api.w.org\/{rel}","templated":true}]}}