{"id":259486,"date":"2026-01-13T10:40:37","date_gmt":"2026-01-13T10:40:37","guid":{"rendered":"https:\/\/dev24.leofresh.com\/product\/la-pommee-sweet-and-sour-apple-condiment-35cl\/"},"modified":"2026-01-13T10:52:59","modified_gmt":"2026-01-13T10:52:59","slug":"la-pommee-sweet-and-sour-apple-condiment-35cl","status":"publish","type":"product","link":"https:\/\/dev24.leofresh.com\/fr\/produit\/la-pommee-sweet-and-sour-apple-condiment-35cl\/","title":{"rendered":"La Pomm\u00c9e &#8211; Sweet And Sour Apple Condiment 35cl"},"content":{"rendered":"<p>LA POMM\u00c9E &#8211; CONDIMENTS DIVERS AIGRE DOUX \u00c0 LA PO<\/p>","protected":false},"excerpt":{"rendered":"<p>LA POMM\u00c9E &#8211; CONDIMENTS DIVERS AIGRE DOUX \u00c0 LA PO<\/p>","protected":false},"featured_media":259487,"comment_status":"open","ping_status":"closed","template":"","meta":{"_acf_changed":false,"inline_featured_image":false,"_monsterinsights_skip_tracking":false,"_monsterinsights_sitenote_active":false,"_monsterinsights_sitenote_note":"","_monsterinsights_sitenote_category":0},"product_brand":[],"product_cat":[69509,69554,69907],"product_tag":[],"class_list":{"0":"post-259486","1":"product","2":"type-product","3":"status-publish","4":"has-post-thumbnail","6":"product_cat-epicerie","7":"product_cat-epicerie-sale","8":"product_cat-oils-vinegars","10":"first","11":"instock","12":"shipping-taxable","13":"purchasable","14":"product-type-simple"},"acf":[],"_links":{"self":[{"href":"https:\/\/dev24.leofresh.com\/fr\/wp-json\/wp\/v2\/product\/259486","targetHints":{"allow":["GET"]}}],"collection":[{"href":"https:\/\/dev24.leofresh.com\/fr\/wp-json\/wp\/v2\/product"}],"about":[{"href":"https:\/\/dev24.leofresh.com\/fr\/wp-json\/wp\/v2\/types\/product"}],"replies":[{"embeddable":true,"href":"https:\/\/dev24.leofresh.com\/fr\/wp-json\/wp\/v2\/comments?post=259486"}],"wp:featuredmedia":[{"embeddable":true,"href":"https:\/\/dev24.leofresh.com\/fr\/wp-json\/wp\/v2\/media\/259487"}],"wp:attachment":[{"href":"https:\/\/dev24.leofresh.com\/fr\/wp-json\/wp\/v2\/media?parent=259486"}],"wp:term":[{"taxonomy":"product_brand","embeddable":true,"href":"https:\/\/dev24.leofresh.com\/fr\/wp-json\/wp\/v2\/product_brand?post=259486"},{"taxonomy":"product_cat","embeddable":true,"href":"https:\/\/dev24.leofresh.com\/fr\/wp-json\/wp\/v2\/product_cat?post=259486"},{"taxonomy":"product_tag","embeddable":true,"href":"https:\/\/dev24.leofresh.com\/fr\/wp-json\/wp\/v2\/product_tag?post=259486"}],"curies":[{"name":"wp","href":"https:\/\/api.w.org\/{rel}","templated":true}]}}