{"id":259488,"date":"2026-01-13T10:40:38","date_gmt":"2026-01-13T10:40:38","guid":{"rendered":"https:\/\/dev24.leofresh.com\/product\/ready-to-fill-pre-sliced-party-surprise-loaf-6\/"},"modified":"2026-01-13T10:52:59","modified_gmt":"2026-01-13T10:52:59","slug":"ready-to-fill-pre-sliced-party-surprise-loaf-6","status":"publish","type":"product","link":"https:\/\/dev24.leofresh.com\/fr\/produit\/ready-to-fill-pre-sliced-party-surprise-loaf-6\/","title":{"rendered":"Ready To Fill Pre-sliced Party Surprise Loaf 6-"},"content":{"rendered":"<p>PAIN SURPRISE AUX 6\u00a0C\u00c9R\u00c9ALES PR\u00c9-D\u00c9COUP\u00c9 &#8220;\u00c0\u00a0GARN<\/p>","protected":false},"excerpt":{"rendered":"<p>PAIN SURPRISE AUX 6\u00a0C\u00c9R\u00c9ALES PR\u00c9-D\u00c9COUP\u00c9 &#8220;\u00c0\u00a0GARN<\/p>","protected":false},"featured_media":259489,"comment_status":"open","ping_status":"closed","template":"","meta":{"_acf_changed":false,"inline_featured_image":false,"_monsterinsights_skip_tracking":false,"_monsterinsights_sitenote_active":false,"_monsterinsights_sitenote_note":"","_monsterinsights_sitenote_category":0},"product_brand":[],"product_cat":[69529,69509,69888],"product_tag":[],"class_list":{"0":"post-259488","1":"product","2":"type-product","3":"status-publish","4":"has-post-thumbnail","6":"product_cat-elabore","7":"product_cat-epicerie","8":"product_cat-petits-fours-canapes-starters","10":"first","11":"instock","12":"shipping-taxable","13":"purchasable","14":"product-type-simple"},"acf":[],"_links":{"self":[{"href":"https:\/\/dev24.leofresh.com\/fr\/wp-json\/wp\/v2\/product\/259488","targetHints":{"allow":["GET"]}}],"collection":[{"href":"https:\/\/dev24.leofresh.com\/fr\/wp-json\/wp\/v2\/product"}],"about":[{"href":"https:\/\/dev24.leofresh.com\/fr\/wp-json\/wp\/v2\/types\/product"}],"replies":[{"embeddable":true,"href":"https:\/\/dev24.leofresh.com\/fr\/wp-json\/wp\/v2\/comments?post=259488"}],"wp:featuredmedia":[{"embeddable":true,"href":"https:\/\/dev24.leofresh.com\/fr\/wp-json\/wp\/v2\/media\/259489"}],"wp:attachment":[{"href":"https:\/\/dev24.leofresh.com\/fr\/wp-json\/wp\/v2\/media?parent=259488"}],"wp:term":[{"taxonomy":"product_brand","embeddable":true,"href":"https:\/\/dev24.leofresh.com\/fr\/wp-json\/wp\/v2\/product_brand?post=259488"},{"taxonomy":"product_cat","embeddable":true,"href":"https:\/\/dev24.leofresh.com\/fr\/wp-json\/wp\/v2\/product_cat?post=259488"},{"taxonomy":"product_tag","embeddable":true,"href":"https:\/\/dev24.leofresh.com\/fr\/wp-json\/wp\/v2\/product_tag?post=259488"}],"curies":[{"name":"wp","href":"https:\/\/api.w.org\/{rel}","templated":true}]}}