{"id":259726,"date":"2026-01-13T10:41:02","date_gmt":"2026-01-13T10:41:02","guid":{"rendered":"https:\/\/dev24.leofresh.com\/product\/sardines-fillets-in-olive-oil-130g\/"},"modified":"2026-01-13T10:53:03","modified_gmt":"2026-01-13T10:53:03","slug":"sardines-fillets-in-olive-oil-130g","status":"publish","type":"product","link":"https:\/\/dev24.leofresh.com\/fr\/produit\/sardines-fillets-in-olive-oil-130g\/","title":{"rendered":"Sardines Fillets In Olive Oil 130g"},"content":{"rendered":"<p>FILETS DE SARDINES D\u00c9SAR\u00caT\u00c9S \u00c0 L&#8217;HUILE D&#8217;OLIVE<\/p>","protected":false},"excerpt":{"rendered":"<p>FILETS DE SARDINES D\u00c9SAR\u00caT\u00c9S \u00c0 L&#8217;HUILE D&#8217;OLIVE<\/p>","protected":false},"featured_media":259727,"comment_status":"open","ping_status":"closed","template":"","meta":{"_acf_changed":false,"inline_featured_image":false,"_monsterinsights_skip_tracking":false,"_monsterinsights_sitenote_active":false,"_monsterinsights_sitenote_note":"","_monsterinsights_sitenote_category":0},"product_brand":[],"product_cat":[69903,69509,69554],"product_tag":[],"class_list":{"0":"post-259726","1":"product","2":"type-product","3":"status-publish","4":"has-post-thumbnail","6":"product_cat-canned-fish","7":"product_cat-epicerie","8":"product_cat-epicerie-sale","10":"first","11":"instock","12":"shipping-taxable","13":"purchasable","14":"product-type-simple"},"acf":[],"_links":{"self":[{"href":"https:\/\/dev24.leofresh.com\/fr\/wp-json\/wp\/v2\/product\/259726","targetHints":{"allow":["GET"]}}],"collection":[{"href":"https:\/\/dev24.leofresh.com\/fr\/wp-json\/wp\/v2\/product"}],"about":[{"href":"https:\/\/dev24.leofresh.com\/fr\/wp-json\/wp\/v2\/types\/product"}],"replies":[{"embeddable":true,"href":"https:\/\/dev24.leofresh.com\/fr\/wp-json\/wp\/v2\/comments?post=259726"}],"wp:featuredmedia":[{"embeddable":true,"href":"https:\/\/dev24.leofresh.com\/fr\/wp-json\/wp\/v2\/media\/259727"}],"wp:attachment":[{"href":"https:\/\/dev24.leofresh.com\/fr\/wp-json\/wp\/v2\/media?parent=259726"}],"wp:term":[{"taxonomy":"product_brand","embeddable":true,"href":"https:\/\/dev24.leofresh.com\/fr\/wp-json\/wp\/v2\/product_brand?post=259726"},{"taxonomy":"product_cat","embeddable":true,"href":"https:\/\/dev24.leofresh.com\/fr\/wp-json\/wp\/v2\/product_cat?post=259726"},{"taxonomy":"product_tag","embeddable":true,"href":"https:\/\/dev24.leofresh.com\/fr\/wp-json\/wp\/v2\/product_tag?post=259726"}],"curies":[{"name":"wp","href":"https:\/\/api.w.org\/{rel}","templated":true}]}}