{"id":259734,"date":"2026-01-13T10:41:03","date_gmt":"2026-01-13T10:41:03","guid":{"rendered":"https:\/\/dev24.leofresh.com\/product\/sicilian-almond-paste-1kg\/"},"modified":"2026-01-13T10:53:03","modified_gmt":"2026-01-13T10:53:03","slug":"sicilian-almond-paste-1kg","status":"publish","type":"product","link":"https:\/\/dev24.leofresh.com\/fr\/produit\/sicilian-almond-paste-1kg\/","title":{"rendered":"Sicilian Almond Paste 1kg"},"content":{"rendered":"<p>P\u00c2TE PURE AMANDE DE SICILE \u00c9MOND\u00c9E GRILL\u00c9E SEA<\/p>","protected":false},"excerpt":{"rendered":"<p>P\u00c2TE PURE AMANDE DE SICILE \u00c9MOND\u00c9E GRILL\u00c9E SEA<\/p>","protected":false},"featured_media":259735,"comment_status":"open","ping_status":"closed","template":"","meta":{"_acf_changed":false,"inline_featured_image":false,"_monsterinsights_skip_tracking":false,"_monsterinsights_sitenote_active":false,"_monsterinsights_sitenote_note":"","_monsterinsights_sitenote_category":0},"product_brand":[],"product_cat":[69950,69560,69510],"product_tag":[],"class_list":{"0":"post-259734","1":"product","2":"type-product","3":"status-publish","4":"has-post-thumbnail","6":"product_cat-base-pate-patisserie","7":"product_cat-patisserie","8":"product_cat-patisserie-boulangerie","10":"first","11":"instock","12":"shipping-taxable","13":"purchasable","14":"product-type-simple"},"acf":[],"_links":{"self":[{"href":"https:\/\/dev24.leofresh.com\/fr\/wp-json\/wp\/v2\/product\/259734","targetHints":{"allow":["GET"]}}],"collection":[{"href":"https:\/\/dev24.leofresh.com\/fr\/wp-json\/wp\/v2\/product"}],"about":[{"href":"https:\/\/dev24.leofresh.com\/fr\/wp-json\/wp\/v2\/types\/product"}],"replies":[{"embeddable":true,"href":"https:\/\/dev24.leofresh.com\/fr\/wp-json\/wp\/v2\/comments?post=259734"}],"wp:featuredmedia":[{"embeddable":true,"href":"https:\/\/dev24.leofresh.com\/fr\/wp-json\/wp\/v2\/media\/259735"}],"wp:attachment":[{"href":"https:\/\/dev24.leofresh.com\/fr\/wp-json\/wp\/v2\/media?parent=259734"}],"wp:term":[{"taxonomy":"product_brand","embeddable":true,"href":"https:\/\/dev24.leofresh.com\/fr\/wp-json\/wp\/v2\/product_brand?post=259734"},{"taxonomy":"product_cat","embeddable":true,"href":"https:\/\/dev24.leofresh.com\/fr\/wp-json\/wp\/v2\/product_cat?post=259734"},{"taxonomy":"product_tag","embeddable":true,"href":"https:\/\/dev24.leofresh.com\/fr\/wp-json\/wp\/v2\/product_tag?post=259734"}],"curies":[{"name":"wp","href":"https:\/\/api.w.org\/{rel}","templated":true}]}}