{"id":259738,"date":"2026-01-13T10:41:03","date_gmt":"2026-01-13T10:41:03","guid":{"rendered":"https:\/\/dev24.leofresh.com\/product\/stir-fry-ratatouille-cooked-in-olive-oil-2-5kg\/"},"modified":"2026-01-13T10:53:03","modified_gmt":"2026-01-13T10:53:03","slug":"stir-fry-ratatouille-cooked-in-olive-oil-2-5kg","status":"publish","type":"product","link":"https:\/\/dev24.leofresh.com\/fr\/produit\/stir-fry-ratatouille-cooked-in-olive-oil-2-5kg\/","title":{"rendered":"Stir-fry Ratatouille Cooked In Olive Oil 2.5kg"},"content":{"rendered":"<p>PO\u00caL\u00c9E RATATOUILLE \u00c0 L&#8217;HUILE D&#8217;OLIVE SURGELE<\/p>","protected":false},"excerpt":{"rendered":"<p>PO\u00caL\u00c9E RATATOUILLE \u00c0 L&#8217;HUILE D&#8217;OLIVE SURGELE<\/p>","protected":false},"featured_media":259739,"comment_status":"open","ping_status":"closed","template":"","meta":{"_acf_changed":false,"inline_featured_image":false,"_monsterinsights_skip_tracking":false,"_monsterinsights_sitenote_active":false,"_monsterinsights_sitenote_note":"","_monsterinsights_sitenote_category":0},"product_brand":[],"product_cat":[69505,69522,69646],"product_tag":[],"class_list":{"0":"post-259738","1":"product","2":"type-product","3":"status-publish","4":"has-post-thumbnail","6":"product_cat-fruits-legumes","7":"product_cat-fruits-et-legumes-surgeles","8":"product_cat-ready-to-eat","10":"first","11":"instock","12":"shipping-taxable","13":"purchasable","14":"product-type-simple"},"acf":[],"_links":{"self":[{"href":"https:\/\/dev24.leofresh.com\/fr\/wp-json\/wp\/v2\/product\/259738","targetHints":{"allow":["GET"]}}],"collection":[{"href":"https:\/\/dev24.leofresh.com\/fr\/wp-json\/wp\/v2\/product"}],"about":[{"href":"https:\/\/dev24.leofresh.com\/fr\/wp-json\/wp\/v2\/types\/product"}],"replies":[{"embeddable":true,"href":"https:\/\/dev24.leofresh.com\/fr\/wp-json\/wp\/v2\/comments?post=259738"}],"wp:featuredmedia":[{"embeddable":true,"href":"https:\/\/dev24.leofresh.com\/fr\/wp-json\/wp\/v2\/media\/259739"}],"wp:attachment":[{"href":"https:\/\/dev24.leofresh.com\/fr\/wp-json\/wp\/v2\/media?parent=259738"}],"wp:term":[{"taxonomy":"product_brand","embeddable":true,"href":"https:\/\/dev24.leofresh.com\/fr\/wp-json\/wp\/v2\/product_brand?post=259738"},{"taxonomy":"product_cat","embeddable":true,"href":"https:\/\/dev24.leofresh.com\/fr\/wp-json\/wp\/v2\/product_cat?post=259738"},{"taxonomy":"product_tag","embeddable":true,"href":"https:\/\/dev24.leofresh.com\/fr\/wp-json\/wp\/v2\/product_tag?post=259738"}],"curies":[{"name":"wp","href":"https:\/\/api.w.org\/{rel}","templated":true}]}}