{"id":259756,"date":"2026-01-13T10:41:05","date_gmt":"2026-01-13T10:41:05","guid":{"rendered":"https:\/\/dev24.leofresh.com\/product\/creamy-burgundy-cheese-with-summer-truffle-tuber\/"},"modified":"2026-01-13T10:53:04","modified_gmt":"2026-01-13T10:53:04","slug":"creamy-burgundy-cheese-with-summer-truffle-tuber","status":"publish","type":"product","link":"https:\/\/dev24.leofresh.com\/fr\/produit\/creamy-burgundy-cheese-with-summer-truffle-tuber\/","title":{"rendered":"Creamy Burgundy Cheese With Summer Truffle Tuber"},"content":{"rendered":"<p>CREMEUX DE BOURGOGNE \u00c0 LA TRUFFE D&#8217;\u00c9T\u00c9 3% 200G<\/p>","protected":false},"excerpt":{"rendered":"<p>CREMEUX DE BOURGOGNE \u00c0 LA TRUFFE D&#8217;\u00c9T\u00c9 3% 200G<\/p>","protected":false},"featured_media":259757,"comment_status":"open","ping_status":"closed","template":"","meta":{"_acf_changed":false,"inline_featured_image":false,"_monsterinsights_skip_tracking":false,"_monsterinsights_sitenote_active":false,"_monsterinsights_sitenote_note":"","_monsterinsights_sitenote_category":0},"product_brand":[],"product_cat":[69506,69523,69647],"product_tag":[],"class_list":{"0":"post-259756","1":"product","2":"type-product","3":"status-publish","4":"has-post-thumbnail","6":"product_cat-cremerie-fromages","7":"product_cat-fromage","8":"product_cat-soft-cheese","10":"first","11":"instock","12":"shipping-taxable","13":"purchasable","14":"product-type-simple"},"acf":[],"_links":{"self":[{"href":"https:\/\/dev24.leofresh.com\/fr\/wp-json\/wp\/v2\/product\/259756","targetHints":{"allow":["GET"]}}],"collection":[{"href":"https:\/\/dev24.leofresh.com\/fr\/wp-json\/wp\/v2\/product"}],"about":[{"href":"https:\/\/dev24.leofresh.com\/fr\/wp-json\/wp\/v2\/types\/product"}],"replies":[{"embeddable":true,"href":"https:\/\/dev24.leofresh.com\/fr\/wp-json\/wp\/v2\/comments?post=259756"}],"wp:featuredmedia":[{"embeddable":true,"href":"https:\/\/dev24.leofresh.com\/fr\/wp-json\/wp\/v2\/media\/259757"}],"wp:attachment":[{"href":"https:\/\/dev24.leofresh.com\/fr\/wp-json\/wp\/v2\/media?parent=259756"}],"wp:term":[{"taxonomy":"product_brand","embeddable":true,"href":"https:\/\/dev24.leofresh.com\/fr\/wp-json\/wp\/v2\/product_brand?post=259756"},{"taxonomy":"product_cat","embeddable":true,"href":"https:\/\/dev24.leofresh.com\/fr\/wp-json\/wp\/v2\/product_cat?post=259756"},{"taxonomy":"product_tag","embeddable":true,"href":"https:\/\/dev24.leofresh.com\/fr\/wp-json\/wp\/v2\/product_tag?post=259756"}],"curies":[{"name":"wp","href":"https:\/\/api.w.org\/{rel}","templated":true}]}}