{"id":259843,"date":"2026-01-13T10:41:12","date_gmt":"2026-01-13T10:41:12","guid":{"rendered":"https:\/\/dev24.leofresh.com\/product\/ette-de-piemont-igp-grilled-grilled-s-vide-1kg\/"},"modified":"2026-01-13T10:53:05","modified_gmt":"2026-01-13T10:53:05","slug":"ette-de-piemont-igp-grilled-grilled-s-vide-1kg","status":"publish","type":"product","link":"https:\/\/dev24.leofresh.com\/fr\/produit\/ette-de-piemont-igp-grilled-grilled-s-vide-1kg\/","title":{"rendered":"Ette De Pi\u00c9mont Igp Grilled Grilled S \/ Vide 1kg"},"content":{"rendered":"<p>NOISETTE DU PI\u00c9MONT IGP GRILL\u00c9E HACH\u00c9E S\/\u2009VID<\/p>","protected":false},"excerpt":{"rendered":"<p>NOISETTE DU PI\u00c9MONT IGP GRILL\u00c9E HACH\u00c9E S\/\u2009VID<\/p>","protected":false},"featured_media":259844,"comment_status":"open","ping_status":"closed","template":"","meta":{"_acf_changed":false,"inline_featured_image":false,"_monsterinsights_skip_tracking":false,"_monsterinsights_sitenote_active":false,"_monsterinsights_sitenote_note":"","_monsterinsights_sitenote_category":0},"product_brand":[],"product_cat":[69558,69938,69510],"product_tag":[],"class_list":{"0":"post-259843","1":"product","2":"type-product","3":"status-publish","4":"has-post-thumbnail","6":"product_cat-autour-du-fruits","7":"product_cat-hazelnuts-amandes-co-autour-du-fruits","8":"product_cat-patisserie-boulangerie","10":"first","11":"instock","12":"shipping-taxable","13":"purchasable","14":"product-type-simple"},"acf":[],"_links":{"self":[{"href":"https:\/\/dev24.leofresh.com\/fr\/wp-json\/wp\/v2\/product\/259843","targetHints":{"allow":["GET"]}}],"collection":[{"href":"https:\/\/dev24.leofresh.com\/fr\/wp-json\/wp\/v2\/product"}],"about":[{"href":"https:\/\/dev24.leofresh.com\/fr\/wp-json\/wp\/v2\/types\/product"}],"replies":[{"embeddable":true,"href":"https:\/\/dev24.leofresh.com\/fr\/wp-json\/wp\/v2\/comments?post=259843"}],"wp:featuredmedia":[{"embeddable":true,"href":"https:\/\/dev24.leofresh.com\/fr\/wp-json\/wp\/v2\/media\/259844"}],"wp:attachment":[{"href":"https:\/\/dev24.leofresh.com\/fr\/wp-json\/wp\/v2\/media?parent=259843"}],"wp:term":[{"taxonomy":"product_brand","embeddable":true,"href":"https:\/\/dev24.leofresh.com\/fr\/wp-json\/wp\/v2\/product_brand?post=259843"},{"taxonomy":"product_cat","embeddable":true,"href":"https:\/\/dev24.leofresh.com\/fr\/wp-json\/wp\/v2\/product_cat?post=259843"},{"taxonomy":"product_tag","embeddable":true,"href":"https:\/\/dev24.leofresh.com\/fr\/wp-json\/wp\/v2\/product_tag?post=259843"}],"curies":[{"name":"wp","href":"https:\/\/api.w.org\/{rel}","templated":true}]}}