{"id":259885,"date":"2026-01-13T10:41:17","date_gmt":"2026-01-13T10:41:17","guid":{"rendered":"https:\/\/dev24.leofresh.com\/product\/butter-puff-pastry-3kg\/"},"modified":"2026-01-13T10:53:06","modified_gmt":"2026-01-13T10:53:06","slug":"butter-puff-pastry-3kg","status":"publish","type":"product","link":"https:\/\/dev24.leofresh.com\/fr\/produit\/butter-puff-pastry-3kg\/","title":{"rendered":"Butter Puff Pastry 3kg"},"content":{"rendered":"<p>PATE FEUILLET\u00c9E PUR BEURRE PR\u00caTE \u00c0 ROULER 3KG<\/p>","protected":false},"excerpt":{"rendered":"<p>PATE FEUILLET\u00c9E PUR BEURRE PR\u00caTE \u00c0 ROULER 3KG<\/p>","protected":false},"featured_media":259886,"comment_status":"open","ping_status":"closed","template":"","meta":{"_acf_changed":false,"inline_featured_image":false,"_monsterinsights_skip_tracking":false,"_monsterinsights_sitenote_active":false,"_monsterinsights_sitenote_note":"","_monsterinsights_sitenote_category":0},"product_brand":[],"product_cat":[69950,69560,69510],"product_tag":[],"class_list":{"0":"post-259885","1":"product","2":"type-product","3":"status-publish","4":"has-post-thumbnail","6":"product_cat-base-pate-patisserie","7":"product_cat-patisserie","8":"product_cat-patisserie-boulangerie","10":"first","11":"instock","12":"shipping-taxable","13":"purchasable","14":"product-type-simple"},"acf":[],"_links":{"self":[{"href":"https:\/\/dev24.leofresh.com\/fr\/wp-json\/wp\/v2\/product\/259885","targetHints":{"allow":["GET"]}}],"collection":[{"href":"https:\/\/dev24.leofresh.com\/fr\/wp-json\/wp\/v2\/product"}],"about":[{"href":"https:\/\/dev24.leofresh.com\/fr\/wp-json\/wp\/v2\/types\/product"}],"replies":[{"embeddable":true,"href":"https:\/\/dev24.leofresh.com\/fr\/wp-json\/wp\/v2\/comments?post=259885"}],"wp:featuredmedia":[{"embeddable":true,"href":"https:\/\/dev24.leofresh.com\/fr\/wp-json\/wp\/v2\/media\/259886"}],"wp:attachment":[{"href":"https:\/\/dev24.leofresh.com\/fr\/wp-json\/wp\/v2\/media?parent=259885"}],"wp:term":[{"taxonomy":"product_brand","embeddable":true,"href":"https:\/\/dev24.leofresh.com\/fr\/wp-json\/wp\/v2\/product_brand?post=259885"},{"taxonomy":"product_cat","embeddable":true,"href":"https:\/\/dev24.leofresh.com\/fr\/wp-json\/wp\/v2\/product_cat?post=259885"},{"taxonomy":"product_tag","embeddable":true,"href":"https:\/\/dev24.leofresh.com\/fr\/wp-json\/wp\/v2\/product_tag?post=259885"}],"curies":[{"name":"wp","href":"https:\/\/api.w.org\/{rel}","templated":true}]}}