{"id":259896,"date":"2026-01-13T10:41:18","date_gmt":"2026-01-13T10:41:18","guid":{"rendered":"https:\/\/dev24.leofresh.com\/product\/oriental-tabouleh-salad-with-extra-olive-oil-2-5\/"},"modified":"2026-01-13T10:53:06","modified_gmt":"2026-01-13T10:53:06","slug":"oriental-tabouleh-salad-with-extra-olive-oil-2-5","status":"publish","type":"product","link":"https:\/\/dev24.leofresh.com\/fr\/produit\/oriental-tabouleh-salad-with-extra-olive-oil-2-5\/","title":{"rendered":"Oriental Tabouleh Salad With Extra Olive Oil 2.5"},"content":{"rendered":"<p>TABOUL\u00c9 \u00c0 L&#8217;ORIENTALE \u00c0 L&#8217;HUILE D&#8217;OLIVE 2,6KG<\/p>","protected":false},"excerpt":{"rendered":"<p>TABOUL\u00c9 \u00c0 L&#8217;ORIENTALE \u00c0 L&#8217;HUILE D&#8217;OLIVE 2,6KG<\/p>","protected":false},"featured_media":259897,"comment_status":"open","ping_status":"closed","template":"","meta":{"_acf_changed":false,"inline_featured_image":false,"_monsterinsights_skip_tracking":false,"_monsterinsights_sitenote_active":false,"_monsterinsights_sitenote_note":"","_monsterinsights_sitenote_category":0},"product_brand":[],"product_cat":[69529,69509,69889],"product_tag":[],"class_list":{"0":"post-259896","1":"product","2":"type-product","3":"status-publish","4":"has-post-thumbnail","6":"product_cat-elabore","7":"product_cat-epicerie","8":"product_cat-ready-salad","10":"first","11":"instock","12":"shipping-taxable","13":"purchasable","14":"product-type-simple"},"acf":[],"_links":{"self":[{"href":"https:\/\/dev24.leofresh.com\/fr\/wp-json\/wp\/v2\/product\/259896","targetHints":{"allow":["GET"]}}],"collection":[{"href":"https:\/\/dev24.leofresh.com\/fr\/wp-json\/wp\/v2\/product"}],"about":[{"href":"https:\/\/dev24.leofresh.com\/fr\/wp-json\/wp\/v2\/types\/product"}],"replies":[{"embeddable":true,"href":"https:\/\/dev24.leofresh.com\/fr\/wp-json\/wp\/v2\/comments?post=259896"}],"wp:featuredmedia":[{"embeddable":true,"href":"https:\/\/dev24.leofresh.com\/fr\/wp-json\/wp\/v2\/media\/259897"}],"wp:attachment":[{"href":"https:\/\/dev24.leofresh.com\/fr\/wp-json\/wp\/v2\/media?parent=259896"}],"wp:term":[{"taxonomy":"product_brand","embeddable":true,"href":"https:\/\/dev24.leofresh.com\/fr\/wp-json\/wp\/v2\/product_brand?post=259896"},{"taxonomy":"product_cat","embeddable":true,"href":"https:\/\/dev24.leofresh.com\/fr\/wp-json\/wp\/v2\/product_cat?post=259896"},{"taxonomy":"product_tag","embeddable":true,"href":"https:\/\/dev24.leofresh.com\/fr\/wp-json\/wp\/v2\/product_tag?post=259896"}],"curies":[{"name":"wp","href":"https:\/\/api.w.org\/{rel}","templated":true}]}}