{"id":260016,"date":"2026-01-13T10:41:33","date_gmt":"2026-01-13T10:41:33","guid":{"rendered":"https:\/\/dev24.leofresh.com\/product\/pate-en-croute-bakers-veal-%c2%b12-4kg\/"},"modified":"2026-01-13T10:53:08","modified_gmt":"2026-01-13T10:53:08","slug":"pate-en-croute-bakers-veal-%c2%b12-4kg","status":"publish","type":"product","link":"https:\/\/dev24.leofresh.com\/fr\/produit\/pate-en-croute-bakers-veal-%c2%b12-4kg\/","title":{"rendered":"P\u00c2t\u00c9 En Cro\u00dbte Baker&#8217;s Veal \u00b12.4kg"},"content":{"rendered":"<p>P\u00c2T\u00c9 EN CRO\u00dbTE NOIX DE VEAU P\u00c2TISSIER 2,4KG<\/p>","protected":false},"excerpt":{"rendered":"<p>P\u00c2T\u00c9 EN CRO\u00dbTE NOIX DE VEAU P\u00c2TISSIER 2,4KG<\/p>","protected":false},"featured_media":260017,"comment_status":"open","ping_status":"closed","template":"","meta":{"_acf_changed":false,"inline_featured_image":false,"_monsterinsights_skip_tracking":false,"_monsterinsights_sitenote_active":false,"_monsterinsights_sitenote_note":"","_monsterinsights_sitenote_category":0},"product_brand":[],"product_cat":[69529,69509,69887],"product_tag":[],"class_list":{"0":"post-260016","1":"product","2":"type-product","3":"status-publish","4":"has-post-thumbnail","6":"product_cat-elabore","7":"product_cat-epicerie","8":"product_cat-pate-elabore","10":"first","11":"instock","12":"shipping-taxable","13":"purchasable","14":"product-type-simple"},"acf":[],"_links":{"self":[{"href":"https:\/\/dev24.leofresh.com\/fr\/wp-json\/wp\/v2\/product\/260016","targetHints":{"allow":["GET"]}}],"collection":[{"href":"https:\/\/dev24.leofresh.com\/fr\/wp-json\/wp\/v2\/product"}],"about":[{"href":"https:\/\/dev24.leofresh.com\/fr\/wp-json\/wp\/v2\/types\/product"}],"replies":[{"embeddable":true,"href":"https:\/\/dev24.leofresh.com\/fr\/wp-json\/wp\/v2\/comments?post=260016"}],"wp:featuredmedia":[{"embeddable":true,"href":"https:\/\/dev24.leofresh.com\/fr\/wp-json\/wp\/v2\/media\/260017"}],"wp:attachment":[{"href":"https:\/\/dev24.leofresh.com\/fr\/wp-json\/wp\/v2\/media?parent=260016"}],"wp:term":[{"taxonomy":"product_brand","embeddable":true,"href":"https:\/\/dev24.leofresh.com\/fr\/wp-json\/wp\/v2\/product_brand?post=260016"},{"taxonomy":"product_cat","embeddable":true,"href":"https:\/\/dev24.leofresh.com\/fr\/wp-json\/wp\/v2\/product_cat?post=260016"},{"taxonomy":"product_tag","embeddable":true,"href":"https:\/\/dev24.leofresh.com\/fr\/wp-json\/wp\/v2\/product_tag?post=260016"}],"curies":[{"name":"wp","href":"https:\/\/api.w.org\/{rel}","templated":true}]}}