{"id":260286,"date":"2026-01-13T10:42:04","date_gmt":"2026-01-13T10:42:04","guid":{"rendered":"https:\/\/dev24.leofresh.com\/product\/pitted-damsons-in-syrup-tin-2-1\/"},"modified":"2026-01-13T10:53:13","modified_gmt":"2026-01-13T10:53:13","slug":"pitted-damsons-in-syrup-tin-2-1","status":"publish","type":"product","link":"https:\/\/dev24.leofresh.com\/fr\/produit\/pitted-damsons-in-syrup-tin-2-1\/","title":{"rendered":"Pitted Damsons In Syrup Tin 2\/1"},"content":{"rendered":"<p>QUETSCHES D\u00c9NOYAUT\u00c9ES AU SIROP BO\u00ceTE 2\/1<\/p>","protected":false},"excerpt":{"rendered":"<p>QUETSCHES D\u00c9NOYAUT\u00c9ES AU SIROP BO\u00ceTE 2\/1<\/p>","protected":false},"featured_media":260287,"comment_status":"open","ping_status":"closed","template":"","meta":{"_acf_changed":false,"inline_featured_image":false,"_monsterinsights_skip_tracking":false,"_monsterinsights_sitenote_active":false,"_monsterinsights_sitenote_note":"","_monsterinsights_sitenote_category":0},"product_brand":[],"product_cat":[69509,69555,69915],"product_tag":[],"class_list":{"0":"post-260286","1":"product","2":"type-product","3":"status-publish","4":"has-post-thumbnail","6":"product_cat-epicerie","7":"product_cat-epicerie-sucre","8":"product_cat-fruits-cans-sirops","10":"first","11":"instock","12":"shipping-taxable","13":"purchasable","14":"product-type-simple"},"acf":[],"_links":{"self":[{"href":"https:\/\/dev24.leofresh.com\/fr\/wp-json\/wp\/v2\/product\/260286","targetHints":{"allow":["GET"]}}],"collection":[{"href":"https:\/\/dev24.leofresh.com\/fr\/wp-json\/wp\/v2\/product"}],"about":[{"href":"https:\/\/dev24.leofresh.com\/fr\/wp-json\/wp\/v2\/types\/product"}],"replies":[{"embeddable":true,"href":"https:\/\/dev24.leofresh.com\/fr\/wp-json\/wp\/v2\/comments?post=260286"}],"wp:featuredmedia":[{"embeddable":true,"href":"https:\/\/dev24.leofresh.com\/fr\/wp-json\/wp\/v2\/media\/260287"}],"wp:attachment":[{"href":"https:\/\/dev24.leofresh.com\/fr\/wp-json\/wp\/v2\/media?parent=260286"}],"wp:term":[{"taxonomy":"product_brand","embeddable":true,"href":"https:\/\/dev24.leofresh.com\/fr\/wp-json\/wp\/v2\/product_brand?post=260286"},{"taxonomy":"product_cat","embeddable":true,"href":"https:\/\/dev24.leofresh.com\/fr\/wp-json\/wp\/v2\/product_cat?post=260286"},{"taxonomy":"product_tag","embeddable":true,"href":"https:\/\/dev24.leofresh.com\/fr\/wp-json\/wp\/v2\/product_tag?post=260286"}],"curies":[{"name":"wp","href":"https:\/\/api.w.org\/{rel}","templated":true}]}}