{"id":260292,"date":"2026-01-13T10:42:04","date_gmt":"2026-01-13T10:42:04","guid":{"rendered":"https:\/\/dev24.leofresh.com\/product\/pgi-guerande-salt-and-summer-truffle-100g\/"},"modified":"2026-01-13T10:53:13","modified_gmt":"2026-01-13T10:53:13","slug":"pgi-guerande-salt-and-summer-truffle-100g","status":"publish","type":"product","link":"https:\/\/dev24.leofresh.com\/fr\/produit\/pgi-guerande-salt-and-summer-truffle-100g\/","title":{"rendered":"Pgi Gu\u00c9rande\u00a0salt\u00a0and Summer\u00a0truffle\u00a0100g"},"content":{"rendered":"<p>SEL DE GU\u00c9RANDE IGP ET TRUFFE D&#8217;\u00c9T\u00c9 100G<\/p>","protected":false},"excerpt":{"rendered":"<p>SEL DE GU\u00c9RANDE IGP ET TRUFFE D&#8217;\u00c9T\u00c9 100G<\/p>","protected":false},"featured_media":260293,"comment_status":"open","ping_status":"closed","template":"","meta":{"_acf_changed":false,"inline_featured_image":false,"_monsterinsights_skip_tracking":false,"_monsterinsights_sitenote_active":false,"_monsterinsights_sitenote_note":"","_monsterinsights_sitenote_category":0},"product_brand":[],"product_cat":[69509,69926,69556],"product_tag":[],"class_list":{"0":"post-260292","1":"product","2":"type-product","3":"status-publish","4":"has-post-thumbnail","6":"product_cat-epicerie","7":"product_cat-salt","8":"product_cat-sels-epices-aromates","10":"first","11":"instock","12":"shipping-taxable","13":"purchasable","14":"product-type-simple"},"acf":[],"_links":{"self":[{"href":"https:\/\/dev24.leofresh.com\/fr\/wp-json\/wp\/v2\/product\/260292","targetHints":{"allow":["GET"]}}],"collection":[{"href":"https:\/\/dev24.leofresh.com\/fr\/wp-json\/wp\/v2\/product"}],"about":[{"href":"https:\/\/dev24.leofresh.com\/fr\/wp-json\/wp\/v2\/types\/product"}],"replies":[{"embeddable":true,"href":"https:\/\/dev24.leofresh.com\/fr\/wp-json\/wp\/v2\/comments?post=260292"}],"wp:featuredmedia":[{"embeddable":true,"href":"https:\/\/dev24.leofresh.com\/fr\/wp-json\/wp\/v2\/media\/260293"}],"wp:attachment":[{"href":"https:\/\/dev24.leofresh.com\/fr\/wp-json\/wp\/v2\/media?parent=260292"}],"wp:term":[{"taxonomy":"product_brand","embeddable":true,"href":"https:\/\/dev24.leofresh.com\/fr\/wp-json\/wp\/v2\/product_brand?post=260292"},{"taxonomy":"product_cat","embeddable":true,"href":"https:\/\/dev24.leofresh.com\/fr\/wp-json\/wp\/v2\/product_cat?post=260292"},{"taxonomy":"product_tag","embeddable":true,"href":"https:\/\/dev24.leofresh.com\/fr\/wp-json\/wp\/v2\/product_tag?post=260292"}],"curies":[{"name":"wp","href":"https:\/\/api.w.org\/{rel}","templated":true}]}}