{"id":260372,"date":"2026-01-13T10:42:12","date_gmt":"2026-01-13T10:42:12","guid":{"rendered":"https:\/\/dev24.leofresh.com\/product\/pate-en-croute-1-2-with-pistachios-%c2%b12-6kg\/"},"modified":"2026-01-13T10:53:15","modified_gmt":"2026-01-13T10:53:15","slug":"pate-en-croute-1-2-with-pistachios-%c2%b12-6kg","status":"publish","type":"product","link":"https:\/\/dev24.leofresh.com\/fr\/produit\/pate-en-croute-1-2-with-pistachios-%c2%b12-6kg\/","title":{"rendered":"P\u00c2t\u00c9 En Cro\u00dbte 1\/2 With Pistachios \u00b12.6kg"},"content":{"rendered":"<p>P\u00c2T\u00c9 EN CRO\u00dbTE DE CANARD PISTACH\u00c9 2,6KG<\/p>","protected":false},"excerpt":{"rendered":"<p>P\u00c2T\u00c9 EN CRO\u00dbTE DE CANARD PISTACH\u00c9 2,6KG<\/p>","protected":false},"featured_media":260373,"comment_status":"open","ping_status":"closed","template":"","meta":{"_acf_changed":false,"inline_featured_image":false,"_monsterinsights_skip_tracking":false,"_monsterinsights_sitenote_active":false,"_monsterinsights_sitenote_note":"","_monsterinsights_sitenote_category":0},"product_brand":[],"product_cat":[69529,69509,69887],"product_tag":[],"class_list":{"0":"post-260372","1":"product","2":"type-product","3":"status-publish","4":"has-post-thumbnail","6":"product_cat-elabore","7":"product_cat-epicerie","8":"product_cat-pate-elabore","10":"first","11":"instock","12":"shipping-taxable","13":"purchasable","14":"product-type-simple"},"acf":[],"_links":{"self":[{"href":"https:\/\/dev24.leofresh.com\/fr\/wp-json\/wp\/v2\/product\/260372","targetHints":{"allow":["GET"]}}],"collection":[{"href":"https:\/\/dev24.leofresh.com\/fr\/wp-json\/wp\/v2\/product"}],"about":[{"href":"https:\/\/dev24.leofresh.com\/fr\/wp-json\/wp\/v2\/types\/product"}],"replies":[{"embeddable":true,"href":"https:\/\/dev24.leofresh.com\/fr\/wp-json\/wp\/v2\/comments?post=260372"}],"wp:featuredmedia":[{"embeddable":true,"href":"https:\/\/dev24.leofresh.com\/fr\/wp-json\/wp\/v2\/media\/260373"}],"wp:attachment":[{"href":"https:\/\/dev24.leofresh.com\/fr\/wp-json\/wp\/v2\/media?parent=260372"}],"wp:term":[{"taxonomy":"product_brand","embeddable":true,"href":"https:\/\/dev24.leofresh.com\/fr\/wp-json\/wp\/v2\/product_brand?post=260372"},{"taxonomy":"product_cat","embeddable":true,"href":"https:\/\/dev24.leofresh.com\/fr\/wp-json\/wp\/v2\/product_cat?post=260372"},{"taxonomy":"product_tag","embeddable":true,"href":"https:\/\/dev24.leofresh.com\/fr\/wp-json\/wp\/v2\/product_tag?post=260372"}],"curies":[{"name":"wp","href":"https:\/\/api.w.org\/{rel}","templated":true}]}}