{"id":260589,"date":"2026-01-13T10:42:35","date_gmt":"2026-01-13T10:42:35","guid":{"rendered":"https:\/\/dev24.leofresh.com\/product\/fine-wheat-semolina-5kg-legumor\/"},"modified":"2026-01-13T10:53:19","modified_gmt":"2026-01-13T10:53:19","slug":"fine-wheat-semolina-5kg-legumor","status":"publish","type":"product","link":"https:\/\/dev24.leofresh.com\/fr\/produit\/fine-wheat-semolina-5kg-legumor\/","title":{"rendered":"Fine Wheat Semolina 5kg &#8211; L\u00c9gumor"},"content":{"rendered":"<p>SEMOULE BL\u00c9 FINE 5KG &#8211; L\u00c9GUMOR<\/p>","protected":false},"excerpt":{"rendered":"<p>SEMOULE BL\u00c9 FINE 5KG &#8211; L\u00c9GUMOR<\/p>","protected":false},"featured_media":260590,"comment_status":"open","ping_status":"closed","template":"","meta":{"_acf_changed":false,"inline_featured_image":false,"_monsterinsights_skip_tracking":false,"_monsterinsights_sitenote_active":false,"_monsterinsights_sitenote_note":"","_monsterinsights_sitenote_category":0},"product_brand":[],"product_cat":[69509,69554,69901],"product_tag":[],"class_list":{"0":"post-260589","1":"product","2":"type-product","3":"status-publish","4":"has-post-thumbnail","6":"product_cat-epicerie","7":"product_cat-epicerie-sale","8":"product_cat-pasta-rice-legumes-epicerie-sale","10":"first","11":"instock","12":"shipping-taxable","13":"purchasable","14":"product-type-simple"},"acf":[],"_links":{"self":[{"href":"https:\/\/dev24.leofresh.com\/fr\/wp-json\/wp\/v2\/product\/260589","targetHints":{"allow":["GET"]}}],"collection":[{"href":"https:\/\/dev24.leofresh.com\/fr\/wp-json\/wp\/v2\/product"}],"about":[{"href":"https:\/\/dev24.leofresh.com\/fr\/wp-json\/wp\/v2\/types\/product"}],"replies":[{"embeddable":true,"href":"https:\/\/dev24.leofresh.com\/fr\/wp-json\/wp\/v2\/comments?post=260589"}],"wp:featuredmedia":[{"embeddable":true,"href":"https:\/\/dev24.leofresh.com\/fr\/wp-json\/wp\/v2\/media\/260590"}],"wp:attachment":[{"href":"https:\/\/dev24.leofresh.com\/fr\/wp-json\/wp\/v2\/media?parent=260589"}],"wp:term":[{"taxonomy":"product_brand","embeddable":true,"href":"https:\/\/dev24.leofresh.com\/fr\/wp-json\/wp\/v2\/product_brand?post=260589"},{"taxonomy":"product_cat","embeddable":true,"href":"https:\/\/dev24.leofresh.com\/fr\/wp-json\/wp\/v2\/product_cat?post=260589"},{"taxonomy":"product_tag","embeddable":true,"href":"https:\/\/dev24.leofresh.com\/fr\/wp-json\/wp\/v2\/product_tag?post=260589"}],"curies":[{"name":"wp","href":"https:\/\/api.w.org\/{rel}","templated":true}]}}