{"id":260605,"date":"2026-01-13T10:42:36","date_gmt":"2026-01-13T10:42:36","guid":{"rendered":"https:\/\/dev24.leofresh.com\/product\/thoionade-spreadable-tuna-with-dried-tomatoes\/"},"modified":"2026-01-13T10:53:19","modified_gmt":"2026-01-13T10:53:19","slug":"thoionade-spreadable-tuna-with-dried-tomatoes","status":"publish","type":"product","link":"https:\/\/dev24.leofresh.com\/fr\/produit\/thoionade-spreadable-tuna-with-dried-tomatoes\/","title":{"rendered":"Thoionade | Spreadable Tuna With Dried\u00a0tomatoes"},"content":{"rendered":"<p>THO\u00cfONADE | TARTINABLE DE THON AUX TOMATES S\u00c9CH\u00c9ES BOCAL 90<\/p>","protected":false},"excerpt":{"rendered":"<p>THO\u00cfONADE | TARTINABLE DE THON AUX TOMATES S\u00c9CH\u00c9ES BOCAL 90<\/p>","protected":false},"featured_media":260606,"comment_status":"open","ping_status":"closed","template":"","meta":{"_acf_changed":false,"inline_featured_image":false,"_monsterinsights_skip_tracking":false,"_monsterinsights_sitenote_active":false,"_monsterinsights_sitenote_note":"","_monsterinsights_sitenote_category":0},"product_brand":[],"product_cat":[69674,69507,69686],"product_tag":[],"class_list":{"0":"post-260605","1":"product","2":"type-product","3":"status-publish","4":"has-post-thumbnail","6":"product_cat-anchovy","7":"product_cat-maree","8":"product_cat-rillettes","10":"first","11":"instock","12":"shipping-taxable","13":"purchasable","14":"product-type-simple"},"acf":[],"_links":{"self":[{"href":"https:\/\/dev24.leofresh.com\/fr\/wp-json\/wp\/v2\/product\/260605","targetHints":{"allow":["GET"]}}],"collection":[{"href":"https:\/\/dev24.leofresh.com\/fr\/wp-json\/wp\/v2\/product"}],"about":[{"href":"https:\/\/dev24.leofresh.com\/fr\/wp-json\/wp\/v2\/types\/product"}],"replies":[{"embeddable":true,"href":"https:\/\/dev24.leofresh.com\/fr\/wp-json\/wp\/v2\/comments?post=260605"}],"wp:featuredmedia":[{"embeddable":true,"href":"https:\/\/dev24.leofresh.com\/fr\/wp-json\/wp\/v2\/media\/260606"}],"wp:attachment":[{"href":"https:\/\/dev24.leofresh.com\/fr\/wp-json\/wp\/v2\/media?parent=260605"}],"wp:term":[{"taxonomy":"product_brand","embeddable":true,"href":"https:\/\/dev24.leofresh.com\/fr\/wp-json\/wp\/v2\/product_brand?post=260605"},{"taxonomy":"product_cat","embeddable":true,"href":"https:\/\/dev24.leofresh.com\/fr\/wp-json\/wp\/v2\/product_cat?post=260605"},{"taxonomy":"product_tag","embeddable":true,"href":"https:\/\/dev24.leofresh.com\/fr\/wp-json\/wp\/v2\/product_tag?post=260605"}],"curies":[{"name":"wp","href":"https:\/\/api.w.org\/{rel}","templated":true}]}}