{"id":260872,"date":"2026-01-13T10:43:03","date_gmt":"2026-01-13T10:43:03","guid":{"rendered":"https:\/\/dev24.leofresh.com\/product\/guerande-extra-fine-sea-salt-tin-125g\/"},"modified":"2026-01-13T10:53:25","modified_gmt":"2026-01-13T10:53:25","slug":"guerande-extra-fine-sea-salt-tin-125g","status":"publish","type":"product","link":"https:\/\/dev24.leofresh.com\/fr\/produit\/guerande-extra-fine-sea-salt-tin-125g\/","title":{"rendered":"Gu\u00c9rande Extra Fine Sea Salt Tin 125g"},"content":{"rendered":"<p>FLEUR DE SEL DE GU\u00c9RANDE BO\u00ceTE 125G<\/p>","protected":false},"excerpt":{"rendered":"<p>FLEUR DE SEL DE GU\u00c9RANDE BO\u00ceTE 125G<\/p>","protected":false},"featured_media":260873,"comment_status":"open","ping_status":"closed","template":"","meta":{"_acf_changed":false,"inline_featured_image":false,"_monsterinsights_skip_tracking":false,"_monsterinsights_sitenote_active":false,"_monsterinsights_sitenote_note":"","_monsterinsights_sitenote_category":0},"product_brand":[],"product_cat":[69509,69926,69556],"product_tag":[],"class_list":{"0":"post-260872","1":"product","2":"type-product","3":"status-publish","4":"has-post-thumbnail","6":"product_cat-epicerie","7":"product_cat-salt","8":"product_cat-sels-epices-aromates","10":"first","11":"instock","12":"shipping-taxable","13":"purchasable","14":"product-type-simple"},"acf":[],"_links":{"self":[{"href":"https:\/\/dev24.leofresh.com\/fr\/wp-json\/wp\/v2\/product\/260872","targetHints":{"allow":["GET"]}}],"collection":[{"href":"https:\/\/dev24.leofresh.com\/fr\/wp-json\/wp\/v2\/product"}],"about":[{"href":"https:\/\/dev24.leofresh.com\/fr\/wp-json\/wp\/v2\/types\/product"}],"replies":[{"embeddable":true,"href":"https:\/\/dev24.leofresh.com\/fr\/wp-json\/wp\/v2\/comments?post=260872"}],"wp:featuredmedia":[{"embeddable":true,"href":"https:\/\/dev24.leofresh.com\/fr\/wp-json\/wp\/v2\/media\/260873"}],"wp:attachment":[{"href":"https:\/\/dev24.leofresh.com\/fr\/wp-json\/wp\/v2\/media?parent=260872"}],"wp:term":[{"taxonomy":"product_brand","embeddable":true,"href":"https:\/\/dev24.leofresh.com\/fr\/wp-json\/wp\/v2\/product_brand?post=260872"},{"taxonomy":"product_cat","embeddable":true,"href":"https:\/\/dev24.leofresh.com\/fr\/wp-json\/wp\/v2\/product_cat?post=260872"},{"taxonomy":"product_tag","embeddable":true,"href":"https:\/\/dev24.leofresh.com\/fr\/wp-json\/wp\/v2\/product_tag?post=260872"}],"curies":[{"name":"wp","href":"https:\/\/api.w.org\/{rel}","templated":true}]}}