{"id":260967,"date":"2026-01-13T10:43:12","date_gmt":"2026-01-13T10:43:12","guid":{"rendered":"https:\/\/dev24.leofresh.com\/product\/guemene-andouille-sausage-vacuum-packed-%c2%b11-5kg\/"},"modified":"2026-01-13T10:53:27","modified_gmt":"2026-01-13T10:53:27","slug":"guemene-andouille-sausage-vacuum-packed-%c2%b11-5kg","status":"publish","type":"product","link":"https:\/\/dev24.leofresh.com\/fr\/produit\/guemene-andouille-sausage-vacuum-packed-%c2%b11-5kg\/","title":{"rendered":"Gu\u00c9m\u00c9n\u00c9 Andouille Sausage Vacuum Packed \u00b11.5kg"},"content":{"rendered":"<p>ANDOUILLE DE GU\u00c9M\u00c9N\u00c9 S\/\u2009VIDE 1,5KG<\/p>","protected":false},"excerpt":{"rendered":"<p>ANDOUILLE DE GU\u00c9M\u00c9N\u00c9 S\/\u2009VIDE 1,5KG<\/p>","protected":false},"featured_media":260968,"comment_status":"open","ping_status":"closed","template":"","meta":{"_acf_changed":false,"inline_featured_image":false,"_monsterinsights_skip_tracking":false,"_monsterinsights_sitenote_active":false,"_monsterinsights_sitenote_note":"","_monsterinsights_sitenote_category":0},"product_brand":[],"product_cat":[69863,69508,69549],"product_tag":[],"class_list":{"0":"post-260967","1":"product","2":"type-product","3":"status-publish","4":"has-post-thumbnail","6":"product_cat-andouilles-andouillette","7":"product_cat-boucherie","8":"product_cat-boudin-saucisses-andouillette","10":"first","11":"instock","12":"shipping-taxable","13":"purchasable","14":"product-type-simple"},"acf":[],"_links":{"self":[{"href":"https:\/\/dev24.leofresh.com\/fr\/wp-json\/wp\/v2\/product\/260967","targetHints":{"allow":["GET"]}}],"collection":[{"href":"https:\/\/dev24.leofresh.com\/fr\/wp-json\/wp\/v2\/product"}],"about":[{"href":"https:\/\/dev24.leofresh.com\/fr\/wp-json\/wp\/v2\/types\/product"}],"replies":[{"embeddable":true,"href":"https:\/\/dev24.leofresh.com\/fr\/wp-json\/wp\/v2\/comments?post=260967"}],"wp:featuredmedia":[{"embeddable":true,"href":"https:\/\/dev24.leofresh.com\/fr\/wp-json\/wp\/v2\/media\/260968"}],"wp:attachment":[{"href":"https:\/\/dev24.leofresh.com\/fr\/wp-json\/wp\/v2\/media?parent=260967"}],"wp:term":[{"taxonomy":"product_brand","embeddable":true,"href":"https:\/\/dev24.leofresh.com\/fr\/wp-json\/wp\/v2\/product_brand?post=260967"},{"taxonomy":"product_cat","embeddable":true,"href":"https:\/\/dev24.leofresh.com\/fr\/wp-json\/wp\/v2\/product_cat?post=260967"},{"taxonomy":"product_tag","embeddable":true,"href":"https:\/\/dev24.leofresh.com\/fr\/wp-json\/wp\/v2\/product_tag?post=260967"}],"curies":[{"name":"wp","href":"https:\/\/api.w.org\/{rel}","templated":true}]}}