{"id":261079,"date":"2026-01-13T10:43:23","date_gmt":"2026-01-13T10:43:23","guid":{"rendered":"https:\/\/dev24.leofresh.com\/product\/kadaif-angelhair-pasta-500g\/"},"modified":"2026-01-13T10:53:29","modified_gmt":"2026-01-13T10:53:29","slug":"kadaif-angelhair-pasta-500g","status":"publish","type":"product","link":"https:\/\/dev24.leofresh.com\/fr\/produit\/kadaif-angelhair-pasta-500g\/","title":{"rendered":"Kada\u00cff Angelhair Pasta 500g"},"content":{"rendered":"<p>P\u00c2TES KADA\u00cfF &#8220;CHEVEUX D&#8217;ANGE&#8221; 500G<\/p>","protected":false},"excerpt":{"rendered":"<p>P\u00c2TES KADA\u00cfF &#8220;CHEVEUX D&#8217;ANGE&#8221; 500G<\/p>","protected":false},"featured_media":261080,"comment_status":"open","ping_status":"closed","template":"","meta":{"_acf_changed":false,"inline_featured_image":false,"_monsterinsights_skip_tracking":false,"_monsterinsights_sitenote_active":false,"_monsterinsights_sitenote_note":"","_monsterinsights_sitenote_category":0},"product_brand":[],"product_cat":[69529,69509,69892],"product_tag":[],"class_list":{"0":"post-261079","1":"product","2":"type-product","3":"status-publish","4":"has-post-thumbnail","6":"product_cat-elabore","7":"product_cat-epicerie","8":"product_cat-ready-dishes","10":"first","11":"instock","12":"shipping-taxable","13":"purchasable","14":"product-type-simple"},"acf":[],"_links":{"self":[{"href":"https:\/\/dev24.leofresh.com\/fr\/wp-json\/wp\/v2\/product\/261079","targetHints":{"allow":["GET"]}}],"collection":[{"href":"https:\/\/dev24.leofresh.com\/fr\/wp-json\/wp\/v2\/product"}],"about":[{"href":"https:\/\/dev24.leofresh.com\/fr\/wp-json\/wp\/v2\/types\/product"}],"replies":[{"embeddable":true,"href":"https:\/\/dev24.leofresh.com\/fr\/wp-json\/wp\/v2\/comments?post=261079"}],"wp:featuredmedia":[{"embeddable":true,"href":"https:\/\/dev24.leofresh.com\/fr\/wp-json\/wp\/v2\/media\/261080"}],"wp:attachment":[{"href":"https:\/\/dev24.leofresh.com\/fr\/wp-json\/wp\/v2\/media?parent=261079"}],"wp:term":[{"taxonomy":"product_brand","embeddable":true,"href":"https:\/\/dev24.leofresh.com\/fr\/wp-json\/wp\/v2\/product_brand?post=261079"},{"taxonomy":"product_cat","embeddable":true,"href":"https:\/\/dev24.leofresh.com\/fr\/wp-json\/wp\/v2\/product_cat?post=261079"},{"taxonomy":"product_tag","embeddable":true,"href":"https:\/\/dev24.leofresh.com\/fr\/wp-json\/wp\/v2\/product_tag?post=261079"}],"curies":[{"name":"wp","href":"https:\/\/api.w.org\/{rel}","templated":true}]}}