{"id":261406,"date":"2026-01-13T10:43:59","date_gmt":"2026-01-13T10:43:59","guid":{"rendered":"https:\/\/dev24.leofresh.com\/product\/brawn-pate-with-parsley-loaf-lpf-vacuum-packed-1\/"},"modified":"2026-01-13T10:53:35","modified_gmt":"2026-01-13T10:53:35","slug":"brawn-pate-with-parsley-loaf-lpf-vacuum-packed-1","status":"publish","type":"product","link":"https:\/\/dev24.leofresh.com\/fr\/produit\/brawn-pate-with-parsley-loaf-lpf-vacuum-packed-1\/","title":{"rendered":"Brawn P\u00c2t\u00c9 With Parsley Loaf Lpf Vacuum Packed 1"},"content":{"rendered":"<p>P\u00c2T\u00c9 DE T\u00caTE PERSILL\u00c9 PAIN 1,7KG<\/p>","protected":false},"excerpt":{"rendered":"<p>P\u00c2T\u00c9 DE T\u00caTE PERSILL\u00c9 PAIN 1,7KG<\/p>","protected":false},"featured_media":261407,"comment_status":"open","ping_status":"closed","template":"","meta":{"_acf_changed":false,"inline_featured_image":false,"_monsterinsights_skip_tracking":false,"_monsterinsights_sitenote_active":false,"_monsterinsights_sitenote_note":"","_monsterinsights_sitenote_category":0},"product_brand":[],"product_cat":[69508,69552,69876],"product_tag":[],"class_list":{"0":"post-261406","1":"product","2":"type-product","3":"status-publish","4":"has-post-thumbnail","6":"product_cat-boucherie","7":"product_cat-pates-terrines-rillette","8":"product_cat-terrine-pates-terrines-rillette","10":"first","11":"instock","12":"shipping-taxable","13":"purchasable","14":"product-type-simple"},"acf":[],"_links":{"self":[{"href":"https:\/\/dev24.leofresh.com\/fr\/wp-json\/wp\/v2\/product\/261406","targetHints":{"allow":["GET"]}}],"collection":[{"href":"https:\/\/dev24.leofresh.com\/fr\/wp-json\/wp\/v2\/product"}],"about":[{"href":"https:\/\/dev24.leofresh.com\/fr\/wp-json\/wp\/v2\/types\/product"}],"replies":[{"embeddable":true,"href":"https:\/\/dev24.leofresh.com\/fr\/wp-json\/wp\/v2\/comments?post=261406"}],"wp:featuredmedia":[{"embeddable":true,"href":"https:\/\/dev24.leofresh.com\/fr\/wp-json\/wp\/v2\/media\/261407"}],"wp:attachment":[{"href":"https:\/\/dev24.leofresh.com\/fr\/wp-json\/wp\/v2\/media?parent=261406"}],"wp:term":[{"taxonomy":"product_brand","embeddable":true,"href":"https:\/\/dev24.leofresh.com\/fr\/wp-json\/wp\/v2\/product_brand?post=261406"},{"taxonomy":"product_cat","embeddable":true,"href":"https:\/\/dev24.leofresh.com\/fr\/wp-json\/wp\/v2\/product_cat?post=261406"},{"taxonomy":"product_tag","embeddable":true,"href":"https:\/\/dev24.leofresh.com\/fr\/wp-json\/wp\/v2\/product_tag?post=261406"}],"curies":[{"name":"wp","href":"https:\/\/api.w.org\/{rel}","templated":true}]}}