{"id":261444,"date":"2026-01-13T10:44:03","date_gmt":"2026-01-13T10:44:03","guid":{"rendered":"https:\/\/dev24.leofresh.com\/product\/crushed-peeled-tomatoes-5-1-can\/"},"modified":"2026-01-13T10:53:36","modified_gmt":"2026-01-13T10:53:36","slug":"crushed-peeled-tomatoes-5-1-can","status":"publish","type":"product","link":"https:\/\/dev24.leofresh.com\/fr\/produit\/crushed-peeled-tomatoes-5-1-can\/","title":{"rendered":"Crushed Peeled Tomatoes 5\/1 Can"},"content":{"rendered":"<p>TOMATE PEL\u00c9E CONCASS\u00c9E BO\u00ceTE 5\/1<\/p>","protected":false},"excerpt":{"rendered":"<p>TOMATE PEL\u00c9E CONCASS\u00c9E BO\u00ceTE 5\/1<\/p>","protected":false},"featured_media":0,"comment_status":"open","ping_status":"closed","template":"","meta":{"_acf_changed":false,"inline_featured_image":false,"_monsterinsights_skip_tracking":false,"_monsterinsights_sitenote_active":false,"_monsterinsights_sitenote_note":"","_monsterinsights_sitenote_category":0},"product_brand":[],"product_cat":[69897,69509,69554],"product_tag":[],"class_list":{"0":"post-261444","1":"product","2":"type-product","3":"status-publish","5":"product_cat-canned-jarred-vegetables","6":"product_cat-epicerie","7":"product_cat-epicerie-sale","9":"first","10":"instock","11":"shipping-taxable","12":"purchasable","13":"product-type-simple"},"acf":[],"_links":{"self":[{"href":"https:\/\/dev24.leofresh.com\/fr\/wp-json\/wp\/v2\/product\/261444","targetHints":{"allow":["GET"]}}],"collection":[{"href":"https:\/\/dev24.leofresh.com\/fr\/wp-json\/wp\/v2\/product"}],"about":[{"href":"https:\/\/dev24.leofresh.com\/fr\/wp-json\/wp\/v2\/types\/product"}],"replies":[{"embeddable":true,"href":"https:\/\/dev24.leofresh.com\/fr\/wp-json\/wp\/v2\/comments?post=261444"}],"wp:attachment":[{"href":"https:\/\/dev24.leofresh.com\/fr\/wp-json\/wp\/v2\/media?parent=261444"}],"wp:term":[{"taxonomy":"product_brand","embeddable":true,"href":"https:\/\/dev24.leofresh.com\/fr\/wp-json\/wp\/v2\/product_brand?post=261444"},{"taxonomy":"product_cat","embeddable":true,"href":"https:\/\/dev24.leofresh.com\/fr\/wp-json\/wp\/v2\/product_cat?post=261444"},{"taxonomy":"product_tag","embeddable":true,"href":"https:\/\/dev24.leofresh.com\/fr\/wp-json\/wp\/v2\/product_tag?post=261444"}],"curies":[{"name":"wp","href":"https:\/\/api.w.org\/{rel}","templated":true}]}}