{"id":261580,"date":"2026-01-13T10:44:16","date_gmt":"2026-01-13T10:44:16","guid":{"rendered":"https:\/\/dev24.leofresh.com\/product\/stir-fry-green-beans-salsify-aubergine-peppe\/"},"modified":"2026-01-13T10:53:38","modified_gmt":"2026-01-13T10:53:38","slug":"stir-fry-green-beans-salsify-aubergine-peppe","status":"publish","type":"product","link":"https:\/\/dev24.leofresh.com\/fr\/produit\/stir-fry-green-beans-salsify-aubergine-peppe\/","title":{"rendered":"Stir-fry Green Beans. Salsify. Aubergine. Peppe"},"content":{"rendered":"<p>PO\u00caL\u00c9E M\u00c9RIDIONALE MINUTE SURGELE 2,5KG<\/p>","protected":false},"excerpt":{"rendered":"<p>PO\u00caL\u00c9E M\u00c9RIDIONALE MINUTE SURGELE 2,5KG<\/p>","protected":false},"featured_media":261581,"comment_status":"open","ping_status":"closed","template":"","meta":{"_acf_changed":false,"inline_featured_image":false,"_monsterinsights_skip_tracking":false,"_monsterinsights_sitenote_active":false,"_monsterinsights_sitenote_note":"","_monsterinsights_sitenote_category":0},"product_brand":[],"product_cat":[69505,69522,69646],"product_tag":[],"class_list":{"0":"post-261580","1":"product","2":"type-product","3":"status-publish","4":"has-post-thumbnail","6":"product_cat-fruits-legumes","7":"product_cat-fruits-et-legumes-surgeles","8":"product_cat-ready-to-eat","10":"first","11":"instock","12":"shipping-taxable","13":"purchasable","14":"product-type-simple"},"acf":[],"_links":{"self":[{"href":"https:\/\/dev24.leofresh.com\/fr\/wp-json\/wp\/v2\/product\/261580","targetHints":{"allow":["GET"]}}],"collection":[{"href":"https:\/\/dev24.leofresh.com\/fr\/wp-json\/wp\/v2\/product"}],"about":[{"href":"https:\/\/dev24.leofresh.com\/fr\/wp-json\/wp\/v2\/types\/product"}],"replies":[{"embeddable":true,"href":"https:\/\/dev24.leofresh.com\/fr\/wp-json\/wp\/v2\/comments?post=261580"}],"wp:featuredmedia":[{"embeddable":true,"href":"https:\/\/dev24.leofresh.com\/fr\/wp-json\/wp\/v2\/media\/261581"}],"wp:attachment":[{"href":"https:\/\/dev24.leofresh.com\/fr\/wp-json\/wp\/v2\/media?parent=261580"}],"wp:term":[{"taxonomy":"product_brand","embeddable":true,"href":"https:\/\/dev24.leofresh.com\/fr\/wp-json\/wp\/v2\/product_brand?post=261580"},{"taxonomy":"product_cat","embeddable":true,"href":"https:\/\/dev24.leofresh.com\/fr\/wp-json\/wp\/v2\/product_cat?post=261580"},{"taxonomy":"product_tag","embeddable":true,"href":"https:\/\/dev24.leofresh.com\/fr\/wp-json\/wp\/v2\/product_tag?post=261580"}],"curies":[{"name":"wp","href":"https:\/\/api.w.org\/{rel}","templated":true}]}}