{"id":261739,"date":"2026-01-13T10:44:45","date_gmt":"2026-01-13T10:44:45","guid":{"rendered":"https:\/\/dev24.leofresh.com\/product\/mixed-vegetable-macedoine-tin-4-4\/"},"modified":"2026-01-13T10:53:41","modified_gmt":"2026-01-13T10:53:41","slug":"mixed-vegetable-macedoine-tin-4-4","status":"publish","type":"product","link":"https:\/\/dev24.leofresh.com\/fr\/produit\/mixed-vegetable-macedoine-tin-4-4\/","title":{"rendered":"Mixed Vegetable Macedoine Tin 4\/4"},"content":{"rendered":"<p>MAC\u00c9DOINE DE L\u00c9GUMES BO\u00ceTE 4\/4<\/p>","protected":false},"excerpt":{"rendered":"<p>MAC\u00c9DOINE DE L\u00c9GUMES BO\u00ceTE 4\/4<\/p>","protected":false},"featured_media":261740,"comment_status":"open","ping_status":"closed","template":"","meta":{"_acf_changed":false,"inline_featured_image":false,"_monsterinsights_skip_tracking":false,"_monsterinsights_sitenote_active":false,"_monsterinsights_sitenote_note":"","_monsterinsights_sitenote_category":0},"product_brand":[],"product_cat":[69897,69509,69554],"product_tag":[],"class_list":{"0":"post-261739","1":"product","2":"type-product","3":"status-publish","4":"has-post-thumbnail","6":"product_cat-canned-jarred-vegetables","7":"product_cat-epicerie","8":"product_cat-epicerie-sale","10":"first","11":"instock","12":"shipping-taxable","13":"purchasable","14":"product-type-simple"},"acf":[],"_links":{"self":[{"href":"https:\/\/dev24.leofresh.com\/fr\/wp-json\/wp\/v2\/product\/261739","targetHints":{"allow":["GET"]}}],"collection":[{"href":"https:\/\/dev24.leofresh.com\/fr\/wp-json\/wp\/v2\/product"}],"about":[{"href":"https:\/\/dev24.leofresh.com\/fr\/wp-json\/wp\/v2\/types\/product"}],"replies":[{"embeddable":true,"href":"https:\/\/dev24.leofresh.com\/fr\/wp-json\/wp\/v2\/comments?post=261739"}],"wp:featuredmedia":[{"embeddable":true,"href":"https:\/\/dev24.leofresh.com\/fr\/wp-json\/wp\/v2\/media\/261740"}],"wp:attachment":[{"href":"https:\/\/dev24.leofresh.com\/fr\/wp-json\/wp\/v2\/media?parent=261739"}],"wp:term":[{"taxonomy":"product_brand","embeddable":true,"href":"https:\/\/dev24.leofresh.com\/fr\/wp-json\/wp\/v2\/product_brand?post=261739"},{"taxonomy":"product_cat","embeddable":true,"href":"https:\/\/dev24.leofresh.com\/fr\/wp-json\/wp\/v2\/product_cat?post=261739"},{"taxonomy":"product_tag","embeddable":true,"href":"https:\/\/dev24.leofresh.com\/fr\/wp-json\/wp\/v2\/product_tag?post=261739"}],"curies":[{"name":"wp","href":"https:\/\/api.w.org\/{rel}","templated":true}]}}