{"id":261843,"date":"2026-01-13T10:45:02","date_gmt":"2026-01-13T10:45:02","guid":{"rendered":"https:\/\/dev24.leofresh.com\/product\/dried-boletes-80-porcinis-20-tubo-500g\/"},"modified":"2026-01-13T10:53:43","modified_gmt":"2026-01-13T10:53:43","slug":"dried-boletes-80-porcinis-20-tubo-500g","status":"publish","type":"product","link":"https:\/\/dev24.leofresh.com\/fr\/produit\/dried-boletes-80-porcinis-20-tubo-500g\/","title":{"rendered":"Dried\u00a0boletes\u00a080%\u00a0porcinis\u00a020%\u00a0tubo\u00a0500g"},"content":{"rendered":"<p>BOLET 80% C\u00c8PE 20% S\u00c9CH\u00c9 500G PORCINIS\u00a0<\/p>","protected":false},"excerpt":{"rendered":"<p>BOLET 80% C\u00c8PE 20% S\u00c9CH\u00c9 500G PORCINIS\u00a0<\/p>","protected":false},"featured_media":261844,"comment_status":"open","ping_status":"closed","template":"","meta":{"_acf_changed":false,"inline_featured_image":false,"_monsterinsights_skip_tracking":false,"_monsterinsights_sitenote_active":false,"_monsterinsights_sitenote_note":"","_monsterinsights_sitenote_category":0},"product_brand":[],"product_cat":[69902,69509,69554],"product_tag":[],"class_list":{"0":"post-261843","1":"product","2":"type-product","3":"status-publish","4":"has-post-thumbnail","6":"product_cat-dried-mushrooms-epicerie-sale","7":"product_cat-epicerie","8":"product_cat-epicerie-sale","10":"first","11":"instock","12":"shipping-taxable","13":"purchasable","14":"product-type-simple"},"acf":[],"_links":{"self":[{"href":"https:\/\/dev24.leofresh.com\/fr\/wp-json\/wp\/v2\/product\/261843","targetHints":{"allow":["GET"]}}],"collection":[{"href":"https:\/\/dev24.leofresh.com\/fr\/wp-json\/wp\/v2\/product"}],"about":[{"href":"https:\/\/dev24.leofresh.com\/fr\/wp-json\/wp\/v2\/types\/product"}],"replies":[{"embeddable":true,"href":"https:\/\/dev24.leofresh.com\/fr\/wp-json\/wp\/v2\/comments?post=261843"}],"wp:featuredmedia":[{"embeddable":true,"href":"https:\/\/dev24.leofresh.com\/fr\/wp-json\/wp\/v2\/media\/261844"}],"wp:attachment":[{"href":"https:\/\/dev24.leofresh.com\/fr\/wp-json\/wp\/v2\/media?parent=261843"}],"wp:term":[{"taxonomy":"product_brand","embeddable":true,"href":"https:\/\/dev24.leofresh.com\/fr\/wp-json\/wp\/v2\/product_brand?post=261843"},{"taxonomy":"product_cat","embeddable":true,"href":"https:\/\/dev24.leofresh.com\/fr\/wp-json\/wp\/v2\/product_cat?post=261843"},{"taxonomy":"product_tag","embeddable":true,"href":"https:\/\/dev24.leofresh.com\/fr\/wp-json\/wp\/v2\/product_tag?post=261843"}],"curies":[{"name":"wp","href":"https:\/\/api.w.org\/{rel}","templated":true}]}}