{"id":262388,"date":"2026-01-13T10:54:41","date_gmt":"2026-01-13T10:54:41","guid":{"rendered":"https:\/\/dev24.leofresh.com\/product\/chestnut-gateau-220g\/"},"modified":"2026-01-13T10:54:41","modified_gmt":"2026-01-13T10:54:41","slug":"chestnut-gateau-220g","status":"publish","type":"product","link":"https:\/\/dev24.leofresh.com\/fr\/produit\/chestnut-gateau-220g\/","title":{"rendered":"Chestnut Gateau 220g"},"content":{"rendered":"<p>G\u00c2TEAU \u00c0 LA CH\u00c2TAIGNE 220G<\/p>","protected":false},"excerpt":{"rendered":"<p>G\u00c2TEAU \u00c0 LA CH\u00c2TAIGNE 220G<\/p>","protected":false},"featured_media":262389,"comment_status":"open","ping_status":"closed","template":"","meta":{"_acf_changed":false,"inline_featured_image":false,"_monsterinsights_skip_tracking":false,"_monsterinsights_sitenote_active":false,"_monsterinsights_sitenote_note":"","_monsterinsights_sitenote_category":0},"product_brand":[],"product_cat":[69911,69509,69555],"product_tag":[],"class_list":{"0":"post-262388","1":"product","2":"type-product","3":"status-publish","4":"has-post-thumbnail","6":"product_cat-biscuits-cakes","7":"product_cat-epicerie","8":"product_cat-epicerie-sucre","10":"first","11":"instock","12":"shipping-taxable","13":"purchasable","14":"product-type-simple"},"acf":[],"_links":{"self":[{"href":"https:\/\/dev24.leofresh.com\/fr\/wp-json\/wp\/v2\/product\/262388","targetHints":{"allow":["GET"]}}],"collection":[{"href":"https:\/\/dev24.leofresh.com\/fr\/wp-json\/wp\/v2\/product"}],"about":[{"href":"https:\/\/dev24.leofresh.com\/fr\/wp-json\/wp\/v2\/types\/product"}],"replies":[{"embeddable":true,"href":"https:\/\/dev24.leofresh.com\/fr\/wp-json\/wp\/v2\/comments?post=262388"}],"wp:featuredmedia":[{"embeddable":true,"href":"https:\/\/dev24.leofresh.com\/fr\/wp-json\/wp\/v2\/media\/262389"}],"wp:attachment":[{"href":"https:\/\/dev24.leofresh.com\/fr\/wp-json\/wp\/v2\/media?parent=262388"}],"wp:term":[{"taxonomy":"product_brand","embeddable":true,"href":"https:\/\/dev24.leofresh.com\/fr\/wp-json\/wp\/v2\/product_brand?post=262388"},{"taxonomy":"product_cat","embeddable":true,"href":"https:\/\/dev24.leofresh.com\/fr\/wp-json\/wp\/v2\/product_cat?post=262388"},{"taxonomy":"product_tag","embeddable":true,"href":"https:\/\/dev24.leofresh.com\/fr\/wp-json\/wp\/v2\/product_tag?post=262388"}],"curies":[{"name":"wp","href":"https:\/\/api.w.org\/{rel}","templated":true}]}}