{"id":262532,"date":"2026-01-13T10:55:02","date_gmt":"2026-01-13T10:55:02","guid":{"rendered":"https:\/\/dev24.leofresh.com\/product\/reserve-aged-sherry-vinegar-1l\/"},"modified":"2026-01-13T10:55:02","modified_gmt":"2026-01-13T10:55:02","slug":"reserve-aged-sherry-vinegar-1l","status":"publish","type":"product","link":"https:\/\/dev24.leofresh.com\/fr\/produit\/reserve-aged-sherry-vinegar-1l\/","title":{"rendered":"Reserve Aged Sherry Vinegar 1l"},"content":{"rendered":"<p>VINAIGRE X\u00c9R\u00c8S HORS \u00c2GE 1L<\/p>","protected":false},"excerpt":{"rendered":"<p>VINAIGRE X\u00c9R\u00c8S HORS \u00c2GE 1L<\/p>","protected":false},"featured_media":262533,"comment_status":"open","ping_status":"closed","template":"","meta":{"_acf_changed":false,"inline_featured_image":false,"_monsterinsights_skip_tracking":false,"_monsterinsights_sitenote_active":false,"_monsterinsights_sitenote_note":"","_monsterinsights_sitenote_category":0},"product_brand":[],"product_cat":[69509,69554,69907],"product_tag":[],"class_list":{"0":"post-262532","1":"product","2":"type-product","3":"status-publish","4":"has-post-thumbnail","6":"product_cat-epicerie","7":"product_cat-epicerie-sale","8":"product_cat-oils-vinegars","10":"first","11":"instock","12":"shipping-taxable","13":"purchasable","14":"product-type-simple"},"acf":[],"_links":{"self":[{"href":"https:\/\/dev24.leofresh.com\/fr\/wp-json\/wp\/v2\/product\/262532","targetHints":{"allow":["GET"]}}],"collection":[{"href":"https:\/\/dev24.leofresh.com\/fr\/wp-json\/wp\/v2\/product"}],"about":[{"href":"https:\/\/dev24.leofresh.com\/fr\/wp-json\/wp\/v2\/types\/product"}],"replies":[{"embeddable":true,"href":"https:\/\/dev24.leofresh.com\/fr\/wp-json\/wp\/v2\/comments?post=262532"}],"wp:featuredmedia":[{"embeddable":true,"href":"https:\/\/dev24.leofresh.com\/fr\/wp-json\/wp\/v2\/media\/262533"}],"wp:attachment":[{"href":"https:\/\/dev24.leofresh.com\/fr\/wp-json\/wp\/v2\/media?parent=262532"}],"wp:term":[{"taxonomy":"product_brand","embeddable":true,"href":"https:\/\/dev24.leofresh.com\/fr\/wp-json\/wp\/v2\/product_brand?post=262532"},{"taxonomy":"product_cat","embeddable":true,"href":"https:\/\/dev24.leofresh.com\/fr\/wp-json\/wp\/v2\/product_cat?post=262532"},{"taxonomy":"product_tag","embeddable":true,"href":"https:\/\/dev24.leofresh.com\/fr\/wp-json\/wp\/v2\/product_tag?post=262532"}],"curies":[{"name":"wp","href":"https:\/\/api.w.org\/{rel}","templated":true}]}}