{"id":262723,"date":"2026-01-13T10:55:34","date_gmt":"2026-01-13T10:55:34","guid":{"rendered":"https:\/\/dev24.leofresh.com\/product\/creme-brulee-with-bourbon-vanilla-base-1l\/"},"modified":"2026-01-13T10:55:34","modified_gmt":"2026-01-13T10:55:34","slug":"creme-brulee-with-bourbon-vanilla-base-1l","status":"publish","type":"product","link":"https:\/\/dev24.leofresh.com\/fr\/produit\/creme-brulee-with-bourbon-vanilla-base-1l\/","title":{"rendered":"Cr\u00c8me Br\u00dbl\u00c9e With Bourbon Vanilla Base 1l"},"content":{"rendered":"<p>CREME  BR\u00dbL\u00c9E VANILLE 1L<\/p>","protected":false},"excerpt":{"rendered":"<p>CREME BR\u00dbL\u00c9E VANILLE 1L<\/p>","protected":false},"featured_media":0,"comment_status":"open","ping_status":"closed","template":"","meta":{"_acf_changed":false,"inline_featured_image":false,"_monsterinsights_skip_tracking":false,"_monsterinsights_sitenote_active":false,"_monsterinsights_sitenote_note":"","_monsterinsights_sitenote_category":0},"product_brand":[],"product_cat":[69506,69663,69525],"product_tag":[],"class_list":{"0":"post-262723","1":"product","2":"type-product","3":"status-publish","5":"product_cat-cremerie-fromages","6":"product_cat-diary-dessert","7":"product_cat-yaourts-et-cremes-desserts","9":"first","10":"instock","11":"shipping-taxable","12":"purchasable","13":"product-type-simple"},"acf":[],"_links":{"self":[{"href":"https:\/\/dev24.leofresh.com\/fr\/wp-json\/wp\/v2\/product\/262723","targetHints":{"allow":["GET"]}}],"collection":[{"href":"https:\/\/dev24.leofresh.com\/fr\/wp-json\/wp\/v2\/product"}],"about":[{"href":"https:\/\/dev24.leofresh.com\/fr\/wp-json\/wp\/v2\/types\/product"}],"replies":[{"embeddable":true,"href":"https:\/\/dev24.leofresh.com\/fr\/wp-json\/wp\/v2\/comments?post=262723"}],"wp:attachment":[{"href":"https:\/\/dev24.leofresh.com\/fr\/wp-json\/wp\/v2\/media?parent=262723"}],"wp:term":[{"taxonomy":"product_brand","embeddable":true,"href":"https:\/\/dev24.leofresh.com\/fr\/wp-json\/wp\/v2\/product_brand?post=262723"},{"taxonomy":"product_cat","embeddable":true,"href":"https:\/\/dev24.leofresh.com\/fr\/wp-json\/wp\/v2\/product_cat?post=262723"},{"taxonomy":"product_tag","embeddable":true,"href":"https:\/\/dev24.leofresh.com\/fr\/wp-json\/wp\/v2\/product_tag?post=262723"}],"curies":[{"name":"wp","href":"https:\/\/api.w.org\/{rel}","templated":true}]}}