{"id":262991,"date":"2026-01-13T10:56:18","date_gmt":"2026-01-13T10:56:18","guid":{"rendered":"https:\/\/dev24.leofresh.com\/product\/durum-tortilla-wraps-x18\/"},"modified":"2026-01-13T10:56:18","modified_gmt":"2026-01-13T10:56:18","slug":"durum-tortilla-wraps-x18","status":"publish","type":"product","link":"https:\/\/dev24.leofresh.com\/fr\/produit\/durum-tortilla-wraps-x18\/","title":{"rendered":"D\u00dcr\u00dcm Tortilla Wraps X18"},"content":{"rendered":"<p>TORTILLA AU BL\u00c9 DUR X18<\/p>","protected":false},"excerpt":{"rendered":"<p>TORTILLA AU BL\u00c9 DUR X18<\/p>","protected":false},"featured_media":262992,"comment_status":"open","ping_status":"closed","template":"","meta":{"_acf_changed":false,"inline_featured_image":false,"_monsterinsights_skip_tracking":false,"_monsterinsights_sitenote_active":false,"_monsterinsights_sitenote_note":"","_monsterinsights_sitenote_category":0},"product_brand":[],"product_cat":[69894,69509,69554],"product_tag":[],"class_list":{"0":"post-262991","1":"product","2":"type-product","3":"status-publish","4":"has-post-thumbnail","6":"product_cat-bread-toast-bagels","7":"product_cat-epicerie","8":"product_cat-epicerie-sale","10":"first","11":"instock","12":"shipping-taxable","13":"purchasable","14":"product-type-simple"},"acf":[],"_links":{"self":[{"href":"https:\/\/dev24.leofresh.com\/fr\/wp-json\/wp\/v2\/product\/262991","targetHints":{"allow":["GET"]}}],"collection":[{"href":"https:\/\/dev24.leofresh.com\/fr\/wp-json\/wp\/v2\/product"}],"about":[{"href":"https:\/\/dev24.leofresh.com\/fr\/wp-json\/wp\/v2\/types\/product"}],"replies":[{"embeddable":true,"href":"https:\/\/dev24.leofresh.com\/fr\/wp-json\/wp\/v2\/comments?post=262991"}],"wp:featuredmedia":[{"embeddable":true,"href":"https:\/\/dev24.leofresh.com\/fr\/wp-json\/wp\/v2\/media\/262992"}],"wp:attachment":[{"href":"https:\/\/dev24.leofresh.com\/fr\/wp-json\/wp\/v2\/media?parent=262991"}],"wp:term":[{"taxonomy":"product_brand","embeddable":true,"href":"https:\/\/dev24.leofresh.com\/fr\/wp-json\/wp\/v2\/product_brand?post=262991"},{"taxonomy":"product_cat","embeddable":true,"href":"https:\/\/dev24.leofresh.com\/fr\/wp-json\/wp\/v2\/product_cat?post=262991"},{"taxonomy":"product_tag","embeddable":true,"href":"https:\/\/dev24.leofresh.com\/fr\/wp-json\/wp\/v2\/product_tag?post=262991"}],"curies":[{"name":"wp","href":"https:\/\/api.w.org\/{rel}","templated":true}]}}